{"id":3092,"date":"2023-08-17T22:17:18","date_gmt":"2023-08-18T02:17:18","guid":{"rendered":"http:\/\/cleanuppr.com\/catalog\/problend-chlor-white-liquid-bleach\/"},"modified":"2023-12-27T12:40:18","modified_gmt":"2023-12-27T16:40:18","slug":"problend-chlor-white-liquid-bleach","status":"publish","type":"product","link":"https:\/\/cleanuppr.com\/es\/catalog\/problend-chlor-white-liquid-bleach\/","title":{"rendered":"ProBlend\u2122 Chlor White Liquid Bleach"},"content":{"rendered":"<p>Blanqueador l\u00edquido de m\u00e1xima potencia. Seguro en algod\u00f3n y tejidos sint\u00e9ticos. Puede usarse como ayuda para eliminar la suciedad o como remojo previo para decolorar manchas de sangre y prote\u00ednas. No apto para uso en fibras naturales de seda, lana o nailon.<\/p>\n","protected":false},"excerpt":{"rendered":"<p>Blanqueador l\u00edquido de m\u00e1xima potencia. Seguro en algod\u00f3n y tejidos sint\u00e9ticos. Puede usarse como ayuda para eliminar la suciedad o como remojo previo para decolorar manchas de sangre y prote\u00ednas. No apto para uso en fibras naturales de seda, lana o nailon.<\/p>\n","protected":false},"featured_media":2096,"comment_status":"closed","ping_status":"closed","template":"","meta":[],"product_brand":[],"product_cat":[335],"product_tag":[],"industry":[34,23],"brands":[32],"class_list":{"0":"post-3092","1":"product","2":"type-product","3":"status-publish","4":"has-post-thumbnail","6":"product_cat-blanqueador","7":"pa_size-tambor-de-15-galones","8":"pa_size-5-galones","9":"industry-laundry","10":"industry-hospitality","11":"brands-problend","13":"first","14":"instock","15":"taxable","16":"shipping-taxable","17":"purchasable","18":"product-type-variable","19":"has-default-attributes"},"_links":{"self":[{"href":"https:\/\/cleanuppr.com\/es\/wp-json\/wp\/v2\/product\/3092","targetHints":{"allow":["GET"]}}],"collection":[{"href":"https:\/\/cleanuppr.com\/es\/wp-json\/wp\/v2\/product"}],"about":[{"href":"https:\/\/cleanuppr.com\/es\/wp-json\/wp\/v2\/types\/product"}],"replies":[{"embeddable":true,"href":"https:\/\/cleanuppr.com\/es\/wp-json\/wp\/v2\/comments?post=3092"}],"wp:featuredmedia":[{"embeddable":true,"href":"https:\/\/cleanuppr.com\/es\/wp-json\/wp\/v2\/media\/2096"}],"wp:attachment":[{"href":"https:\/\/cleanuppr.com\/es\/wp-json\/wp\/v2\/media?parent=3092"}],"wp:term":[{"taxonomy":"product_brand","embeddable":true,"href":"https:\/\/cleanuppr.com\/es\/wp-json\/wp\/v2\/product_brand?post=3092"},{"taxonomy":"product_cat","embeddable":true,"href":"https:\/\/cleanuppr.com\/es\/wp-json\/wp\/v2\/product_cat?post=3092"},{"taxonomy":"product_tag","embeddable":true,"href":"https:\/\/cleanuppr.com\/es\/wp-json\/wp\/v2\/product_tag?post=3092"},{"taxonomy":"industry","embeddable":true,"href":"https:\/\/cleanuppr.com\/es\/wp-json\/wp\/v2\/industry?post=3092"},{"taxonomy":"brands","embeddable":true,"href":"https:\/\/cleanuppr.com\/es\/wp-json\/wp\/v2\/brands?post=3092"}],"curies":[{"name":"wp","href":"https:\/\/api.w.org\/{rel}","templated":true}]}}