{"id":3091,"date":"2023-08-17T22:17:18","date_gmt":"2023-08-18T02:17:18","guid":{"rendered":"http:\/\/cleanuppr.com\/catalog\/problend-sour-soft-plus\/"},"modified":"2023-12-27T12:41:32","modified_gmt":"2023-12-27T16:41:32","slug":"problend-sour-soft-plus","status":"publish","type":"product","link":"https:\/\/cleanuppr.com\/es\/catalog\/problend-sour-soft-plus\/","title":{"rendered":"ProBlend\u2122 Sour\/Soft Plus"},"content":{"rendered":"<p>Neutralizador y agente antiamarilleo concentrado, econ\u00f3mico, de base \u00e1cida para uso en lavander\u00edas comerciales. Reduce la alcalinidad residual en ropa y lencer\u00eda. Fragancia c\u00edtrica.<\/p>\n","protected":false},"excerpt":{"rendered":"<p>Neutralizador y agente antiamarilleo concentrado, econ\u00f3mico, de base \u00e1cida para uso en lavander\u00edas comerciales. Reduce la alcalinidad residual en ropa y lencer\u00eda. Fragancia c\u00edtrica.<\/p>\n","protected":false},"featured_media":2094,"comment_status":"closed","ping_status":"closed","template":"","meta":[],"product_brand":[],"product_cat":[331],"product_tag":[366],"industry":[34,23],"brands":[32],"class_list":{"0":"post-3091","1":"product","2":"type-product","3":"status-publish","4":"has-post-thumbnail","6":"product_cat-suavizador","7":"product_tag-inicio","8":"pa_size-tambor-de-15-galones","9":"industry-laundry","10":"industry-hospitality","11":"brands-problend","13":"first","14":"instock","15":"taxable","16":"shipping-taxable","17":"purchasable","18":"product-type-simple"},"_links":{"self":[{"href":"https:\/\/cleanuppr.com\/es\/wp-json\/wp\/v2\/product\/3091","targetHints":{"allow":["GET"]}}],"collection":[{"href":"https:\/\/cleanuppr.com\/es\/wp-json\/wp\/v2\/product"}],"about":[{"href":"https:\/\/cleanuppr.com\/es\/wp-json\/wp\/v2\/types\/product"}],"replies":[{"embeddable":true,"href":"https:\/\/cleanuppr.com\/es\/wp-json\/wp\/v2\/comments?post=3091"}],"wp:featuredmedia":[{"embeddable":true,"href":"https:\/\/cleanuppr.com\/es\/wp-json\/wp\/v2\/media\/2094"}],"wp:attachment":[{"href":"https:\/\/cleanuppr.com\/es\/wp-json\/wp\/v2\/media?parent=3091"}],"wp:term":[{"taxonomy":"product_brand","embeddable":true,"href":"https:\/\/cleanuppr.com\/es\/wp-json\/wp\/v2\/product_brand?post=3091"},{"taxonomy":"product_cat","embeddable":true,"href":"https:\/\/cleanuppr.com\/es\/wp-json\/wp\/v2\/product_cat?post=3091"},{"taxonomy":"product_tag","embeddable":true,"href":"https:\/\/cleanuppr.com\/es\/wp-json\/wp\/v2\/product_tag?post=3091"},{"taxonomy":"industry","embeddable":true,"href":"https:\/\/cleanuppr.com\/es\/wp-json\/wp\/v2\/industry?post=3091"},{"taxonomy":"brands","embeddable":true,"href":"https:\/\/cleanuppr.com\/es\/wp-json\/wp\/v2\/brands?post=3091"}],"curies":[{"name":"wp","href":"https:\/\/api.w.org\/{rel}","templated":true}]}}