{"id":3090,"date":"2023-08-17T22:17:18","date_gmt":"2023-08-18T02:17:18","guid":{"rendered":"http:\/\/cleanuppr.com\/catalog\/problend-stain-pro-r-pre-spotter\/"},"modified":"2023-12-27T12:40:43","modified_gmt":"2023-12-27T16:40:43","slug":"problend-stain-pro-r-pre-spotter","status":"publish","type":"product","link":"https:\/\/cleanuppr.com\/es\/catalog\/problend-stain-pro-r-pre-spotter\/","title":{"rendered":"ProBlend\u2122 Stain Pro R Pre-Spotter"},"content":{"rendered":"<p>Excelente f\u00f3rmula concentrada para eliminar el hierro, dise\u00f1ada para eliminar previamente las manchas de \u00f3xido en la ropa de cama.<\/p>\n","protected":false},"excerpt":{"rendered":"<p>Excelente f\u00f3rmula concentrada para eliminar el hierro, dise\u00f1ada para eliminar previamente las manchas de \u00f3xido en la ropa de cama.<\/p>\n","protected":false},"featured_media":2010,"comment_status":"closed","ping_status":"closed","template":"","meta":[],"product_brand":[],"product_cat":[327],"product_tag":[366],"industry":[34],"brands":[32],"class_list":{"0":"post-3090","1":"product","2":"type-product","3":"status-publish","4":"has-post-thumbnail","6":"product_cat-desmanchador","7":"product_tag-inicio","8":"pa_size-6-qt-es-2","9":"industry-laundry","10":"brands-problend","12":"first","13":"instock","14":"taxable","15":"shipping-taxable","16":"purchasable","17":"product-type-simple"},"_links":{"self":[{"href":"https:\/\/cleanuppr.com\/es\/wp-json\/wp\/v2\/product\/3090","targetHints":{"allow":["GET"]}}],"collection":[{"href":"https:\/\/cleanuppr.com\/es\/wp-json\/wp\/v2\/product"}],"about":[{"href":"https:\/\/cleanuppr.com\/es\/wp-json\/wp\/v2\/types\/product"}],"replies":[{"embeddable":true,"href":"https:\/\/cleanuppr.com\/es\/wp-json\/wp\/v2\/comments?post=3090"}],"wp:featuredmedia":[{"embeddable":true,"href":"https:\/\/cleanuppr.com\/es\/wp-json\/wp\/v2\/media\/2010"}],"wp:attachment":[{"href":"https:\/\/cleanuppr.com\/es\/wp-json\/wp\/v2\/media?parent=3090"}],"wp:term":[{"taxonomy":"product_brand","embeddable":true,"href":"https:\/\/cleanuppr.com\/es\/wp-json\/wp\/v2\/product_brand?post=3090"},{"taxonomy":"product_cat","embeddable":true,"href":"https:\/\/cleanuppr.com\/es\/wp-json\/wp\/v2\/product_cat?post=3090"},{"taxonomy":"product_tag","embeddable":true,"href":"https:\/\/cleanuppr.com\/es\/wp-json\/wp\/v2\/product_tag?post=3090"},{"taxonomy":"industry","embeddable":true,"href":"https:\/\/cleanuppr.com\/es\/wp-json\/wp\/v2\/industry?post=3090"},{"taxonomy":"brands","embeddable":true,"href":"https:\/\/cleanuppr.com\/es\/wp-json\/wp\/v2\/brands?post=3090"}],"curies":[{"name":"wp","href":"https:\/\/api.w.org\/{rel}","templated":true}]}}