{"id":3084,"date":"2023-08-17T22:17:18","date_gmt":"2023-08-18T02:17:18","guid":{"rendered":"http:\/\/cleanuppr.com\/catalog\/problend-wareforce-uh30-fnd-machine\/"},"modified":"2023-12-27T12:42:30","modified_gmt":"2023-12-27T16:42:30","slug":"problend-wareforce-uh30-fnd-machine","status":"publish","type":"product","link":"https:\/\/cleanuppr.com\/es\/catalog\/problend-wareforce-uh30-fnd-machine\/","title":{"rendered":"ProBlend\u2122 Wareforce\u00ae UH30-FND Machine"},"content":{"rendered":"<p>Desinfecci\u00f3n, llenado y vaciado a alta temperatura, 24 rejillas por hora, 1,1 galones por rejilla, calentador de refuerzo incorporado con sistema de enjuague final Sani-Sure\u2122, construcci\u00f3n de doble pared. Conjunto bomba de lavado de acero inoxidable, desag\u00fce bombeado, temporizador universal, ciclo descalcificador. Bombas qu\u00edmicas incorporadas e interruptores de cebado, llenado autom\u00e1tico y parada autom\u00e1tica. Incluye una clavija y un estante combinado.<\/p>\n","protected":false},"excerpt":{"rendered":"<p>Desinfecci\u00f3n, llenado y vaciado a alta temperatura, 24 rejillas por hora, 1,1 galones por rejilla, calentador de refuerzo incorporado con sistema de enjuague final Sani-Sure\u2122, construcci\u00f3n de doble pared. Conjunto bomba de lavado de acero inoxidable, desag\u00fce bombeado, temporizador universal, ciclo descalcificador. Bombas qu\u00edmicas incorporadas e interruptores de cebado, llenado autom\u00e1tico y parada autom\u00e1tica. Incluye [&hellip;]<\/p>\n","protected":false},"featured_media":2000,"comment_status":"closed","ping_status":"closed","template":"","meta":[],"product_brand":[],"product_cat":[323,333],"product_tag":[],"industry":[19],"brands":[32],"class_list":{"0":"post-3084","1":"product","2":"type-product","3":"status-publish","4":"has-post-thumbnail","6":"product_cat-equipos","7":"product_cat-dish-machines","8":"industry-food-service","9":"brands-problend","11":"first","12":"instock","13":"taxable","14":"shipping-taxable","15":"purchasable","16":"product-type-simple"},"_links":{"self":[{"href":"https:\/\/cleanuppr.com\/es\/wp-json\/wp\/v2\/product\/3084","targetHints":{"allow":["GET"]}}],"collection":[{"href":"https:\/\/cleanuppr.com\/es\/wp-json\/wp\/v2\/product"}],"about":[{"href":"https:\/\/cleanuppr.com\/es\/wp-json\/wp\/v2\/types\/product"}],"replies":[{"embeddable":true,"href":"https:\/\/cleanuppr.com\/es\/wp-json\/wp\/v2\/comments?post=3084"}],"wp:featuredmedia":[{"embeddable":true,"href":"https:\/\/cleanuppr.com\/es\/wp-json\/wp\/v2\/media\/2000"}],"wp:attachment":[{"href":"https:\/\/cleanuppr.com\/es\/wp-json\/wp\/v2\/media?parent=3084"}],"wp:term":[{"taxonomy":"product_brand","embeddable":true,"href":"https:\/\/cleanuppr.com\/es\/wp-json\/wp\/v2\/product_brand?post=3084"},{"taxonomy":"product_cat","embeddable":true,"href":"https:\/\/cleanuppr.com\/es\/wp-json\/wp\/v2\/product_cat?post=3084"},{"taxonomy":"product_tag","embeddable":true,"href":"https:\/\/cleanuppr.com\/es\/wp-json\/wp\/v2\/product_tag?post=3084"},{"taxonomy":"industry","embeddable":true,"href":"https:\/\/cleanuppr.com\/es\/wp-json\/wp\/v2\/industry?post=3084"},{"taxonomy":"brands","embeddable":true,"href":"https:\/\/cleanuppr.com\/es\/wp-json\/wp\/v2\/brands?post=3084"}],"curies":[{"name":"wp","href":"https:\/\/api.w.org\/{rel}","templated":true}]}}