{"id":3083,"date":"2023-08-17T22:17:18","date_gmt":"2023-08-18T02:17:18","guid":{"rendered":"http:\/\/cleanuppr.com\/catalog\/clean-up-hand-soap\/"},"modified":"2023-12-27T12:42:43","modified_gmt":"2023-12-27T16:42:43","slug":"clean-up-hand-soap","status":"publish","type":"product","link":"https:\/\/cleanuppr.com\/es\/catalog\/clean-up-hand-soap\/","title":{"rendered":"Clean Up Hand Soap"},"content":{"rendered":"<p>Un jab\u00f3n de manos espeso que es el producto ideal debido a su f\u00f3rmula antis\u00e9ptica que mata los g\u00e9rmenes al contacto con las manos.<\/p>\n","protected":false},"excerpt":{"rendered":"<p>Un jab\u00f3n de manos espeso que es el producto ideal debido a su f\u00f3rmula antis\u00e9ptica que mata los g\u00e9rmenes al contacto con las manos.<\/p>\n","protected":false},"featured_media":963,"comment_status":"closed","ping_status":"closed","template":"","meta":[],"product_brand":[],"product_cat":[349],"product_tag":[],"industry":[35,53,34,23,19],"brands":[24],"class_list":{"0":"post-3083","1":"product","2":"type-product","3":"status-publish","4":"has-post-thumbnail","6":"product_cat-cuidado-de-manos","7":"pa_size-4-1-galon","8":"industry-cleaning-janitorial","9":"industry-food-processing","10":"industry-laundry","11":"industry-hospitality","12":"industry-food-service","13":"brands-cleanup","15":"first","16":"instock","17":"taxable","18":"shipping-taxable","19":"purchasable","20":"product-type-simple"},"_links":{"self":[{"href":"https:\/\/cleanuppr.com\/es\/wp-json\/wp\/v2\/product\/3083","targetHints":{"allow":["GET"]}}],"collection":[{"href":"https:\/\/cleanuppr.com\/es\/wp-json\/wp\/v2\/product"}],"about":[{"href":"https:\/\/cleanuppr.com\/es\/wp-json\/wp\/v2\/types\/product"}],"replies":[{"embeddable":true,"href":"https:\/\/cleanuppr.com\/es\/wp-json\/wp\/v2\/comments?post=3083"}],"wp:featuredmedia":[{"embeddable":true,"href":"https:\/\/cleanuppr.com\/es\/wp-json\/wp\/v2\/media\/963"}],"wp:attachment":[{"href":"https:\/\/cleanuppr.com\/es\/wp-json\/wp\/v2\/media?parent=3083"}],"wp:term":[{"taxonomy":"product_brand","embeddable":true,"href":"https:\/\/cleanuppr.com\/es\/wp-json\/wp\/v2\/product_brand?post=3083"},{"taxonomy":"product_cat","embeddable":true,"href":"https:\/\/cleanuppr.com\/es\/wp-json\/wp\/v2\/product_cat?post=3083"},{"taxonomy":"product_tag","embeddable":true,"href":"https:\/\/cleanuppr.com\/es\/wp-json\/wp\/v2\/product_tag?post=3083"},{"taxonomy":"industry","embeddable":true,"href":"https:\/\/cleanuppr.com\/es\/wp-json\/wp\/v2\/industry?post=3083"},{"taxonomy":"brands","embeddable":true,"href":"https:\/\/cleanuppr.com\/es\/wp-json\/wp\/v2\/brands?post=3083"}],"curies":[{"name":"wp","href":"https:\/\/api.w.org\/{rel}","templated":true}]}}