{"id":3078,"date":"2023-08-17T22:17:18","date_gmt":"2023-08-18T02:17:18","guid":{"rendered":"http:\/\/cleanuppr.com\/catalog\/problend-wareforce-66-high-temp-machine\/"},"modified":"2023-12-27T12:44:03","modified_gmt":"2023-12-27T16:44:03","slug":"problend-wareforce-66-high-temp-machine","status":"publish","type":"product","link":"https:\/\/cleanuppr.com\/es\/catalog\/problend-wareforce-66-high-temp-machine\/","title":{"rendered":"ProBlend\u2122 Wareforce\u00ae 66 High Temp Machine"},"content":{"rendered":"<p>Lavavajillas con cinta transportadora de tanque \u00fanico de 44&#8243;, m\u00e1s secci\u00f3n de prelavado de 22&#8243;, con calentador de tanque el\u00e9ctrico, 225 rejillas\/hora y 0,68 galones\/rejilla para alta temperatura, 209 rejillas\/hora y 0,78 galones\/rejilla para desinfecci\u00f3n qu\u00edmica, Ajuste -Velocidad del transportador A-Peak\u2122, sistema EnergyGuard\u2122, espacio libre de altura est\u00e1ndar de 25&#8243;, interruptor de l\u00edmite de mesa, llenado autom\u00e1tico, interruptor manual\/autom\u00e1tico, conjunto de bomba de acero inoxidable silencioso, control del ventilador de escape.<\/p>\n","protected":false},"excerpt":{"rendered":"<p>Lavavajillas con cinta transportadora de tanque \u00fanico de 44&#8243;, m\u00e1s secci\u00f3n de prelavado de 22&#8243;, con calentador de tanque el\u00e9ctrico, 225 rejillas\/hora y 0,68 galones\/rejilla para alta temperatura, 209 rejillas\/hora y 0,78 galones\/rejilla para desinfecci\u00f3n qu\u00edmica, Ajuste -Velocidad del transportador A-Peak\u2122, sistema EnergyGuard\u2122, espacio libre de altura est\u00e1ndar de 25&#8243;, interruptor de l\u00edmite de mesa, [&hellip;]<\/p>\n","protected":false},"featured_media":1996,"comment_status":"closed","ping_status":"closed","template":"","meta":[],"product_brand":[],"product_cat":[323,333],"product_tag":[],"industry":[19],"brands":[32],"class_list":{"0":"post-3078","1":"product","2":"type-product","3":"status-publish","4":"has-post-thumbnail","6":"product_cat-equipos","7":"product_cat-dish-machines","8":"industry-food-service","9":"brands-problend","11":"first","12":"instock","13":"taxable","14":"shipping-taxable","15":"purchasable","16":"product-type-simple"},"_links":{"self":[{"href":"https:\/\/cleanuppr.com\/es\/wp-json\/wp\/v2\/product\/3078","targetHints":{"allow":["GET"]}}],"collection":[{"href":"https:\/\/cleanuppr.com\/es\/wp-json\/wp\/v2\/product"}],"about":[{"href":"https:\/\/cleanuppr.com\/es\/wp-json\/wp\/v2\/types\/product"}],"replies":[{"embeddable":true,"href":"https:\/\/cleanuppr.com\/es\/wp-json\/wp\/v2\/comments?post=3078"}],"wp:featuredmedia":[{"embeddable":true,"href":"https:\/\/cleanuppr.com\/es\/wp-json\/wp\/v2\/media\/1996"}],"wp:attachment":[{"href":"https:\/\/cleanuppr.com\/es\/wp-json\/wp\/v2\/media?parent=3078"}],"wp:term":[{"taxonomy":"product_brand","embeddable":true,"href":"https:\/\/cleanuppr.com\/es\/wp-json\/wp\/v2\/product_brand?post=3078"},{"taxonomy":"product_cat","embeddable":true,"href":"https:\/\/cleanuppr.com\/es\/wp-json\/wp\/v2\/product_cat?post=3078"},{"taxonomy":"product_tag","embeddable":true,"href":"https:\/\/cleanuppr.com\/es\/wp-json\/wp\/v2\/product_tag?post=3078"},{"taxonomy":"industry","embeddable":true,"href":"https:\/\/cleanuppr.com\/es\/wp-json\/wp\/v2\/industry?post=3078"},{"taxonomy":"brands","embeddable":true,"href":"https:\/\/cleanuppr.com\/es\/wp-json\/wp\/v2\/brands?post=3078"}],"curies":[{"name":"wp","href":"https:\/\/api.w.org\/{rel}","templated":true}]}}