{"id":3073,"date":"2023-08-17T22:17:42","date_gmt":"2023-08-18T02:17:42","guid":{"rendered":"http:\/\/cleanuppr.com\/catalog\/problend-galaxy-21-bathroom-desinfectant\/"},"modified":"2023-12-27T12:30:31","modified_gmt":"2023-12-27T16:30:31","slug":"problend-galaxy-21-bathroom-desinfectant","status":"publish","type":"product","link":"https:\/\/cleanuppr.com\/es\/catalog\/problend-galaxy-21-bathroom-desinfectant\/","title":{"rendered":"ProBlend\u2122 Galaxy 21 Bathroom Desinfectant"},"content":{"rendered":"<p>Limpiador de ba\u00f1os no \u00e1cido. Concentrado sin fosfatos. Mata las bacterias que causan el olor. No da\u00f1ar\u00e1 la piedra sellada, la lechada sellada ni los azulejos vidriados. Registrado en la EPA. Fragancia de lim\u00f3n. Dise\u00f1ado para proporcionar limpieza, desodorizaci\u00f3n y desinfecci\u00f3n efectivas en \u00e1reas donde la limpieza es de primordial importancia para controlar el riesgo de contaminaci\u00f3n cruzada en las superficies tratadas. Mildewstat, fungicida y virucida. Limpiador de lavabos y ba\u00f1os, que limpia, desinfecta y desodoriza en un solo paso.<\/p>\n","protected":false},"excerpt":{"rendered":"<p>Limpiador de ba\u00f1os no \u00e1cido. Concentrado sin fosfatos. Mata las bacterias que causan el olor. No da\u00f1ar\u00e1 la piedra sellada, la lechada sellada ni los azulejos vidriados. Registrado en la EPA. Fragancia de lim\u00f3n. Dise\u00f1ado para proporcionar limpieza, desodorizaci\u00f3n y desinfecci\u00f3n efectivas en \u00e1reas donde la limpieza es de primordial importancia para controlar el riesgo [&hellip;]<\/p>\n","protected":false},"featured_media":2128,"comment_status":"closed","ping_status":"closed","template":"","meta":[],"product_brand":[],"product_cat":[325,359],"product_tag":[366],"industry":[35,23],"brands":[32],"class_list":{"0":"post-3073","1":"product","2":"type-product","3":"status-publish","4":"has-post-thumbnail","6":"product_cat-coleccion-galaxy","7":"product_cat-desinfectante","8":"product_tag-inicio","9":"pa_size-case-de-2-1-galones","10":"industry-cleaning-janitorial","11":"industry-hospitality","12":"brands-problend","14":"first","15":"instock","16":"taxable","17":"shipping-taxable","18":"purchasable","19":"product-type-simple"},"_links":{"self":[{"href":"https:\/\/cleanuppr.com\/es\/wp-json\/wp\/v2\/product\/3073","targetHints":{"allow":["GET"]}}],"collection":[{"href":"https:\/\/cleanuppr.com\/es\/wp-json\/wp\/v2\/product"}],"about":[{"href":"https:\/\/cleanuppr.com\/es\/wp-json\/wp\/v2\/types\/product"}],"replies":[{"embeddable":true,"href":"https:\/\/cleanuppr.com\/es\/wp-json\/wp\/v2\/comments?post=3073"}],"wp:featuredmedia":[{"embeddable":true,"href":"https:\/\/cleanuppr.com\/es\/wp-json\/wp\/v2\/media\/2128"}],"wp:attachment":[{"href":"https:\/\/cleanuppr.com\/es\/wp-json\/wp\/v2\/media?parent=3073"}],"wp:term":[{"taxonomy":"product_brand","embeddable":true,"href":"https:\/\/cleanuppr.com\/es\/wp-json\/wp\/v2\/product_brand?post=3073"},{"taxonomy":"product_cat","embeddable":true,"href":"https:\/\/cleanuppr.com\/es\/wp-json\/wp\/v2\/product_cat?post=3073"},{"taxonomy":"product_tag","embeddable":true,"href":"https:\/\/cleanuppr.com\/es\/wp-json\/wp\/v2\/product_tag?post=3073"},{"taxonomy":"industry","embeddable":true,"href":"https:\/\/cleanuppr.com\/es\/wp-json\/wp\/v2\/industry?post=3073"},{"taxonomy":"brands","embeddable":true,"href":"https:\/\/cleanuppr.com\/es\/wp-json\/wp\/v2\/brands?post=3073"}],"curies":[{"name":"wp","href":"https:\/\/api.w.org\/{rel}","templated":true}]}}