{"id":3071,"date":"2023-08-17T22:17:42","date_gmt":"2023-08-18T02:17:42","guid":{"rendered":"http:\/\/cleanuppr.com\/catalog\/problend-crystal-high-temperature-detergent\/"},"modified":"2023-12-27T12:30:17","modified_gmt":"2023-12-27T16:30:17","slug":"problend-crystal-high-temperature-detergent","status":"publish","type":"product","link":"https:\/\/cleanuppr.com\/es\/catalog\/problend-crystal-high-temperature-detergent\/","title":{"rendered":"ProBlend\u2122 Crystal High Temperature Detergent"},"content":{"rendered":"<p>Detergente l\u00edquido clorado de alta temperatura con alta alcalinidad y propiedades extra decolorantes. Contiene dispersantes polim\u00e9ricos para trabajar sin incrustaciones en agua con alto contenido de s\u00f3lidos.<\/p>\n","protected":false},"excerpt":{"rendered":"<p>Detergente l\u00edquido clorado de alta temperatura con alta alcalinidad y propiedades extra decolorantes. Contiene dispersantes polim\u00e9ricos para trabajar sin incrustaciones en agua con alto contenido de s\u00f3lidos.<\/p>\n","protected":false},"featured_media":2132,"comment_status":"closed","ping_status":"closed","template":"","meta":[],"product_brand":[],"product_cat":[337],"product_tag":[],"industry":[19],"brands":[32],"class_list":{"0":"post-3071","1":"product","2":"type-product","3":"status-publish","4":"has-post-thumbnail","6":"product_cat-detergente","7":"pa_size-case-de-4-galones","8":"industry-food-service","9":"brands-problend","11":"first","12":"instock","13":"taxable","14":"shipping-taxable","15":"purchasable","16":"product-type-simple"},"_links":{"self":[{"href":"https:\/\/cleanuppr.com\/es\/wp-json\/wp\/v2\/product\/3071","targetHints":{"allow":["GET"]}}],"collection":[{"href":"https:\/\/cleanuppr.com\/es\/wp-json\/wp\/v2\/product"}],"about":[{"href":"https:\/\/cleanuppr.com\/es\/wp-json\/wp\/v2\/types\/product"}],"replies":[{"embeddable":true,"href":"https:\/\/cleanuppr.com\/es\/wp-json\/wp\/v2\/comments?post=3071"}],"wp:featuredmedia":[{"embeddable":true,"href":"https:\/\/cleanuppr.com\/es\/wp-json\/wp\/v2\/media\/2132"}],"wp:attachment":[{"href":"https:\/\/cleanuppr.com\/es\/wp-json\/wp\/v2\/media?parent=3071"}],"wp:term":[{"taxonomy":"product_brand","embeddable":true,"href":"https:\/\/cleanuppr.com\/es\/wp-json\/wp\/v2\/product_brand?post=3071"},{"taxonomy":"product_cat","embeddable":true,"href":"https:\/\/cleanuppr.com\/es\/wp-json\/wp\/v2\/product_cat?post=3071"},{"taxonomy":"product_tag","embeddable":true,"href":"https:\/\/cleanuppr.com\/es\/wp-json\/wp\/v2\/product_tag?post=3071"},{"taxonomy":"industry","embeddable":true,"href":"https:\/\/cleanuppr.com\/es\/wp-json\/wp\/v2\/industry?post=3071"},{"taxonomy":"brands","embeddable":true,"href":"https:\/\/cleanuppr.com\/es\/wp-json\/wp\/v2\/brands?post=3071"}],"curies":[{"name":"wp","href":"https:\/\/api.w.org\/{rel}","templated":true}]}}