{"id":3064,"date":"2023-08-17T22:17:42","date_gmt":"2023-08-18T02:17:42","guid":{"rendered":"http:\/\/cleanuppr.com\/catalog\/problend-detergent-plus\/"},"modified":"2023-12-27T12:38:16","modified_gmt":"2023-12-27T16:38:16","slug":"problend-detergent-plus","status":"publish","type":"product","link":"https:\/\/cleanuppr.com\/es\/catalog\/problend-detergent-plus\/","title":{"rendered":"ProBlend\u2122 Detergent Plus"},"content":{"rendered":"<p>Excelente detergente l\u00edquido para manchas aceitosas y grasosas como l\u00e1piz labial, bet\u00fan para zapatos y loci\u00f3n bronceadora. Fragancia c\u00edtrica. Tiene una mezcla sin\u00e9rgica de tensioactivos y potentes dispersantes para emulsionar y suspender suelos.<\/p>\n","protected":false},"excerpt":{"rendered":"<p>Excelente detergente l\u00edquido para manchas aceitosas y grasosas como l\u00e1piz labial, bet\u00fan para zapatos y loci\u00f3n bronceadora. Fragancia c\u00edtrica. Tiene una mezcla sin\u00e9rgica de tensioactivos y potentes dispersantes para emulsionar y suspender suelos.<\/p>\n","protected":false},"featured_media":2100,"comment_status":"closed","ping_status":"closed","template":"","meta":[],"product_brand":[],"product_cat":[337],"product_tag":[366],"industry":[34,23],"brands":[32],"class_list":{"0":"post-3064","1":"product","2":"type-product","3":"status-publish","4":"has-post-thumbnail","6":"product_cat-detergente","7":"product_tag-inicio","8":"pa_size-tambor-de-15-galones","9":"industry-laundry","10":"industry-hospitality","11":"brands-problend","13":"first","14":"instock","15":"taxable","16":"shipping-taxable","17":"purchasable","18":"product-type-simple"},"_links":{"self":[{"href":"https:\/\/cleanuppr.com\/es\/wp-json\/wp\/v2\/product\/3064","targetHints":{"allow":["GET"]}}],"collection":[{"href":"https:\/\/cleanuppr.com\/es\/wp-json\/wp\/v2\/product"}],"about":[{"href":"https:\/\/cleanuppr.com\/es\/wp-json\/wp\/v2\/types\/product"}],"replies":[{"embeddable":true,"href":"https:\/\/cleanuppr.com\/es\/wp-json\/wp\/v2\/comments?post=3064"}],"wp:featuredmedia":[{"embeddable":true,"href":"https:\/\/cleanuppr.com\/es\/wp-json\/wp\/v2\/media\/2100"}],"wp:attachment":[{"href":"https:\/\/cleanuppr.com\/es\/wp-json\/wp\/v2\/media?parent=3064"}],"wp:term":[{"taxonomy":"product_brand","embeddable":true,"href":"https:\/\/cleanuppr.com\/es\/wp-json\/wp\/v2\/product_brand?post=3064"},{"taxonomy":"product_cat","embeddable":true,"href":"https:\/\/cleanuppr.com\/es\/wp-json\/wp\/v2\/product_cat?post=3064"},{"taxonomy":"product_tag","embeddable":true,"href":"https:\/\/cleanuppr.com\/es\/wp-json\/wp\/v2\/product_tag?post=3064"},{"taxonomy":"industry","embeddable":true,"href":"https:\/\/cleanuppr.com\/es\/wp-json\/wp\/v2\/industry?post=3064"},{"taxonomy":"brands","embeddable":true,"href":"https:\/\/cleanuppr.com\/es\/wp-json\/wp\/v2\/brands?post=3064"}],"curies":[{"name":"wp","href":"https:\/\/api.w.org\/{rel}","templated":true}]}}