{"id":3062,"date":"2023-08-17T22:17:42","date_gmt":"2023-08-18T02:17:42","guid":{"rendered":"http:\/\/cleanuppr.com\/catalog\/problend-galaxy-12-linen-fresh-fabric-refresher\/"},"modified":"2023-12-27T12:37:03","modified_gmt":"2023-12-27T16:37:03","slug":"problend-galaxy-12-linen-fresh-fabric-refresher","status":"publish","type":"product","link":"https:\/\/cleanuppr.com\/es\/catalog\/problend-galaxy-12-linen-fresh-fabric-refresher\/","title":{"rendered":"ProBlend\u2122 Galaxy 12 Linen Fresh Fabric Refresher"},"content":{"rendered":"<p>Refrescante y suavizante de telas. Contrarrestante de olores especialmente dise\u00f1ado para refrescar s\u00e1banas y toallas y aumentar los puntajes de satisfacci\u00f3n de los hu\u00e9spedes. Aroma relajante de lavanda, jazm\u00edn y un toque de manzana.<\/p>\n","protected":false},"excerpt":{"rendered":"<p>Refrescante y suavizante de telas. Contrarrestante de olores especialmente dise\u00f1ado para refrescar s\u00e1banas y toallas y aumentar los puntajes de satisfacci\u00f3n de los hu\u00e9spedes. Aroma relajante de lavanda, jazm\u00edn y un toque de manzana.<\/p>\n","protected":false},"featured_media":2106,"comment_status":"closed","ping_status":"closed","template":"","meta":[],"product_brand":[],"product_cat":[325,329],"product_tag":[366],"industry":[35,34,23],"brands":[32],"class_list":{"0":"post-3062","1":"product","2":"type-product","3":"status-publish","4":"has-post-thumbnail","6":"product_cat-coleccion-galaxy","7":"product_cat-refrescante-de-telas","8":"product_tag-inicio","9":"pa_size-case-de-2-1-galones","10":"industry-cleaning-janitorial","11":"industry-laundry","12":"industry-hospitality","13":"brands-problend","15":"first","16":"instock","17":"taxable","18":"shipping-taxable","19":"purchasable","20":"product-type-simple"},"_links":{"self":[{"href":"https:\/\/cleanuppr.com\/es\/wp-json\/wp\/v2\/product\/3062","targetHints":{"allow":["GET"]}}],"collection":[{"href":"https:\/\/cleanuppr.com\/es\/wp-json\/wp\/v2\/product"}],"about":[{"href":"https:\/\/cleanuppr.com\/es\/wp-json\/wp\/v2\/types\/product"}],"replies":[{"embeddable":true,"href":"https:\/\/cleanuppr.com\/es\/wp-json\/wp\/v2\/comments?post=3062"}],"wp:featuredmedia":[{"embeddable":true,"href":"https:\/\/cleanuppr.com\/es\/wp-json\/wp\/v2\/media\/2106"}],"wp:attachment":[{"href":"https:\/\/cleanuppr.com\/es\/wp-json\/wp\/v2\/media?parent=3062"}],"wp:term":[{"taxonomy":"product_brand","embeddable":true,"href":"https:\/\/cleanuppr.com\/es\/wp-json\/wp\/v2\/product_brand?post=3062"},{"taxonomy":"product_cat","embeddable":true,"href":"https:\/\/cleanuppr.com\/es\/wp-json\/wp\/v2\/product_cat?post=3062"},{"taxonomy":"product_tag","embeddable":true,"href":"https:\/\/cleanuppr.com\/es\/wp-json\/wp\/v2\/product_tag?post=3062"},{"taxonomy":"industry","embeddable":true,"href":"https:\/\/cleanuppr.com\/es\/wp-json\/wp\/v2\/industry?post=3062"},{"taxonomy":"brands","embeddable":true,"href":"https:\/\/cleanuppr.com\/es\/wp-json\/wp\/v2\/brands?post=3062"}],"curies":[{"name":"wp","href":"https:\/\/api.w.org\/{rel}","templated":true}]}}