{"id":3061,"date":"2023-08-17T22:17:42","date_gmt":"2023-08-18T02:17:42","guid":{"rendered":"http:\/\/cleanuppr.com\/catalog\/problend-galaxy-22-green-care-oxygen-power-cleaner\/"},"modified":"2023-12-27T12:36:48","modified_gmt":"2023-12-27T16:36:48","slug":"problend-galaxy-22-green-care-oxygen-power-cleaner","status":"publish","type":"product","link":"https:\/\/cleanuppr.com\/es\/catalog\/problend-galaxy-22-green-care-oxygen-power-cleaner\/","title":{"rendered":"ProBlend\u2122 Galaxy 22 Green Care Oxygen Power Cleaner"},"content":{"rendered":"<p>Limpiador concentrado ambientalmente preferible, fortificado con poder limpiador natural de c\u00edtricos y per\u00f3xido de hidr\u00f3geno. Fragancia c\u00edtrica. Ataca la suciedad y las manchas rebeldes en pr\u00e1cticamente todas las superficies que no son da\u00f1adas por el agua.<\/p>\n","protected":false},"excerpt":{"rendered":"<p>Limpiador concentrado ambientalmente preferible, fortificado con poder limpiador natural de c\u00edtricos y per\u00f3xido de hidr\u00f3geno. Fragancia c\u00edtrica. Ataca la suciedad y las manchas rebeldes en pr\u00e1cticamente todas las superficies que no son da\u00f1adas por el agua.<\/p>\n","protected":false},"featured_media":2108,"comment_status":"closed","ping_status":"closed","template":"","meta":[],"product_brand":[],"product_cat":[325,339],"product_tag":[],"industry":[35,23],"brands":[32],"class_list":{"0":"post-3061","1":"product","2":"type-product","3":"status-publish","4":"has-post-thumbnail","6":"product_cat-coleccion-galaxy","7":"product_cat-limpiador","8":"pa_size-case-de-2-1-galones","9":"industry-cleaning-janitorial","10":"industry-hospitality","11":"brands-problend","13":"first","14":"instock","15":"taxable","16":"shipping-taxable","17":"purchasable","18":"product-type-simple"},"_links":{"self":[{"href":"https:\/\/cleanuppr.com\/es\/wp-json\/wp\/v2\/product\/3061","targetHints":{"allow":["GET"]}}],"collection":[{"href":"https:\/\/cleanuppr.com\/es\/wp-json\/wp\/v2\/product"}],"about":[{"href":"https:\/\/cleanuppr.com\/es\/wp-json\/wp\/v2\/types\/product"}],"replies":[{"embeddable":true,"href":"https:\/\/cleanuppr.com\/es\/wp-json\/wp\/v2\/comments?post=3061"}],"wp:featuredmedia":[{"embeddable":true,"href":"https:\/\/cleanuppr.com\/es\/wp-json\/wp\/v2\/media\/2108"}],"wp:attachment":[{"href":"https:\/\/cleanuppr.com\/es\/wp-json\/wp\/v2\/media?parent=3061"}],"wp:term":[{"taxonomy":"product_brand","embeddable":true,"href":"https:\/\/cleanuppr.com\/es\/wp-json\/wp\/v2\/product_brand?post=3061"},{"taxonomy":"product_cat","embeddable":true,"href":"https:\/\/cleanuppr.com\/es\/wp-json\/wp\/v2\/product_cat?post=3061"},{"taxonomy":"product_tag","embeddable":true,"href":"https:\/\/cleanuppr.com\/es\/wp-json\/wp\/v2\/product_tag?post=3061"},{"taxonomy":"industry","embeddable":true,"href":"https:\/\/cleanuppr.com\/es\/wp-json\/wp\/v2\/industry?post=3061"},{"taxonomy":"brands","embeddable":true,"href":"https:\/\/cleanuppr.com\/es\/wp-json\/wp\/v2\/brands?post=3061"}],"curies":[{"name":"wp","href":"https:\/\/api.w.org\/{rel}","templated":true}]}}