{"id":3060,"date":"2023-08-17T22:17:42","date_gmt":"2023-08-18T02:17:42","guid":{"rendered":"http:\/\/cleanuppr.com\/catalog\/problend-galaxy-50-green-oxy-plus\/"},"modified":"2023-12-27T12:34:51","modified_gmt":"2023-12-27T16:34:51","slug":"problend-galaxy-50-green-oxy-plus","status":"publish","type":"product","link":"https:\/\/cleanuppr.com\/es\/catalog\/problend-galaxy-50-green-oxy-plus\/","title":{"rendered":"ProBlend\u2122 Galaxy 50 Green Oxy Plus"},"content":{"rendered":"<p>Fortificado con per\u00f3xido de hidr\u00f3geno y poder de limpieza c\u00edtrico natural, Green Oxy Plus ataca la suciedad y las manchas rebeldes en cualquier superficie que no sea da\u00f1ada por el agua. Limpiador ambientalmente preferido. Fragancia c\u00edtrica.<\/p>\n","protected":false},"excerpt":{"rendered":"<p>Fortificado con per\u00f3xido de hidr\u00f3geno y poder de limpieza c\u00edtrico natural, Green Oxy Plus ataca la suciedad y las manchas rebeldes en cualquier superficie que no sea da\u00f1ada por el agua. Limpiador ambientalmente preferido. Fragancia c\u00edtrica.<\/p>\n","protected":false},"featured_media":2110,"comment_status":"closed","ping_status":"closed","template":"","meta":[],"product_brand":[],"product_cat":[325,339],"product_tag":[],"industry":[35,23,19],"brands":[32],"class_list":{"0":"post-3060","1":"product","2":"type-product","3":"status-publish","4":"has-post-thumbnail","6":"product_cat-coleccion-galaxy","7":"product_cat-limpiador","8":"pa_size-case-de-2-1-galones","9":"industry-cleaning-janitorial","10":"industry-hospitality","11":"industry-food-service","12":"brands-problend","14":"first","15":"instock","16":"taxable","17":"shipping-taxable","18":"purchasable","19":"product-type-simple"},"_links":{"self":[{"href":"https:\/\/cleanuppr.com\/es\/wp-json\/wp\/v2\/product\/3060","targetHints":{"allow":["GET"]}}],"collection":[{"href":"https:\/\/cleanuppr.com\/es\/wp-json\/wp\/v2\/product"}],"about":[{"href":"https:\/\/cleanuppr.com\/es\/wp-json\/wp\/v2\/types\/product"}],"replies":[{"embeddable":true,"href":"https:\/\/cleanuppr.com\/es\/wp-json\/wp\/v2\/comments?post=3060"}],"wp:featuredmedia":[{"embeddable":true,"href":"https:\/\/cleanuppr.com\/es\/wp-json\/wp\/v2\/media\/2110"}],"wp:attachment":[{"href":"https:\/\/cleanuppr.com\/es\/wp-json\/wp\/v2\/media?parent=3060"}],"wp:term":[{"taxonomy":"product_brand","embeddable":true,"href":"https:\/\/cleanuppr.com\/es\/wp-json\/wp\/v2\/product_brand?post=3060"},{"taxonomy":"product_cat","embeddable":true,"href":"https:\/\/cleanuppr.com\/es\/wp-json\/wp\/v2\/product_cat?post=3060"},{"taxonomy":"product_tag","embeddable":true,"href":"https:\/\/cleanuppr.com\/es\/wp-json\/wp\/v2\/product_tag?post=3060"},{"taxonomy":"industry","embeddable":true,"href":"https:\/\/cleanuppr.com\/es\/wp-json\/wp\/v2\/industry?post=3060"},{"taxonomy":"brands","embeddable":true,"href":"https:\/\/cleanuppr.com\/es\/wp-json\/wp\/v2\/brands?post=3060"}],"curies":[{"name":"wp","href":"https:\/\/api.w.org\/{rel}","templated":true}]}}