{"id":3058,"date":"2023-08-17T22:17:42","date_gmt":"2023-08-18T02:17:42","guid":{"rendered":"http:\/\/cleanuppr.com\/catalog\/problend-lemon-q-cleaner\/"},"modified":"2023-12-27T12:34:16","modified_gmt":"2023-12-27T16:34:16","slug":"problend-lemon-q-cleaner","status":"publish","type":"product","link":"https:\/\/cleanuppr.com\/es\/catalog\/problend-lemon-q-cleaner\/","title":{"rendered":"ProBlend\u2122 Lemon Q Cleaner"},"content":{"rendered":"<p>El limpiador concentrado y contrarrestante de olores contiene amonio cuaternario con fragancia de lim\u00f3n. \u00daselo en superficies duras como pisos, paredes, contenedores de basura y otras \u00e1reas donde los olores pueden ser un problema.<\/p>\n","protected":false},"excerpt":{"rendered":"<p>El limpiador concentrado y contrarrestante de olores contiene amonio cuaternario con fragancia de lim\u00f3n. \u00daselo en superficies duras como pisos, paredes, contenedores de basura y otras \u00e1reas donde los olores pueden ser un problema.<\/p>\n","protected":false},"featured_media":2114,"comment_status":"closed","ping_status":"closed","template":"","meta":[],"product_brand":[],"product_cat":[339],"product_tag":[],"industry":[35,23,19],"brands":[32],"class_list":{"0":"post-3058","1":"product","2":"type-product","3":"status-publish","4":"has-post-thumbnail","6":"product_cat-limpiador","7":"pa_size-case-de-4-galones","8":"industry-cleaning-janitorial","9":"industry-hospitality","10":"industry-food-service","11":"brands-problend","13":"first","14":"instock","15":"taxable","16":"shipping-taxable","17":"purchasable","18":"product-type-simple"},"_links":{"self":[{"href":"https:\/\/cleanuppr.com\/es\/wp-json\/wp\/v2\/product\/3058","targetHints":{"allow":["GET"]}}],"collection":[{"href":"https:\/\/cleanuppr.com\/es\/wp-json\/wp\/v2\/product"}],"about":[{"href":"https:\/\/cleanuppr.com\/es\/wp-json\/wp\/v2\/types\/product"}],"replies":[{"embeddable":true,"href":"https:\/\/cleanuppr.com\/es\/wp-json\/wp\/v2\/comments?post=3058"}],"wp:featuredmedia":[{"embeddable":true,"href":"https:\/\/cleanuppr.com\/es\/wp-json\/wp\/v2\/media\/2114"}],"wp:attachment":[{"href":"https:\/\/cleanuppr.com\/es\/wp-json\/wp\/v2\/media?parent=3058"}],"wp:term":[{"taxonomy":"product_brand","embeddable":true,"href":"https:\/\/cleanuppr.com\/es\/wp-json\/wp\/v2\/product_brand?post=3058"},{"taxonomy":"product_cat","embeddable":true,"href":"https:\/\/cleanuppr.com\/es\/wp-json\/wp\/v2\/product_cat?post=3058"},{"taxonomy":"product_tag","embeddable":true,"href":"https:\/\/cleanuppr.com\/es\/wp-json\/wp\/v2\/product_tag?post=3058"},{"taxonomy":"industry","embeddable":true,"href":"https:\/\/cleanuppr.com\/es\/wp-json\/wp\/v2\/industry?post=3058"},{"taxonomy":"brands","embeddable":true,"href":"https:\/\/cleanuppr.com\/es\/wp-json\/wp\/v2\/brands?post=3058"}],"curies":[{"name":"wp","href":"https:\/\/api.w.org\/{rel}","templated":true}]}}