{"id":3057,"date":"2023-08-17T22:17:42","date_gmt":"2023-08-18T02:17:42","guid":{"rendered":"http:\/\/cleanuppr.com\/catalog\/problend-suregrip-daily-cleaner-degreaser\/"},"modified":"2023-12-27T12:27:48","modified_gmt":"2023-12-27T16:27:48","slug":"problend-suregrip-daily-cleaner-degreaser","status":"publish","type":"product","link":"https:\/\/cleanuppr.com\/es\/catalog\/problend-suregrip-daily-cleaner-degreaser\/","title":{"rendered":"ProBlend\u2122 SureGrip Daily Cleaner &#038; Degreaser"},"content":{"rendered":"<p>Util\u00edcelo como primera l\u00ednea de defensa en la batalla contra suelos resbaladizos. Este limpiador para pisos de superficies duras mejora enormemente la tracci\u00f3n de la superficie, reduce la aparici\u00f3n de polimerizaci\u00f3n cuando se usa a diario y deja las superficies libres de residuos. Aprobado y de marca compartida con nuestros socios de SureGrip Floor Safety Systems.<\/p>\n","protected":false},"excerpt":{"rendered":"<p>Util\u00edcelo como primera l\u00ednea de defensa en la batalla contra suelos resbaladizos. Este limpiador para pisos de superficies duras mejora enormemente la tracci\u00f3n de la superficie, reduce la aparici\u00f3n de polimerizaci\u00f3n cuando se usa a diario y deja las superficies libres de residuos. Aprobado y de marca compartida con nuestros socios de SureGrip Floor Safety [&hellip;]<\/p>\n","protected":false},"featured_media":2116,"comment_status":"closed","ping_status":"closed","template":"","meta":[],"product_brand":[],"product_cat":[355],"product_tag":[366],"industry":[35,53,23,19],"brands":[32],"class_list":{"0":"post-3057","1":"product","2":"type-product","3":"status-publish","4":"has-post-thumbnail","6":"product_cat-degreaser","7":"product_tag-inicio","8":"pa_size-case-de-4-galones","9":"industry-cleaning-janitorial","10":"industry-food-processing","11":"industry-hospitality","12":"industry-food-service","13":"brands-problend","15":"first","16":"instock","17":"taxable","18":"shipping-taxable","19":"purchasable","20":"product-type-simple"},"_links":{"self":[{"href":"https:\/\/cleanuppr.com\/es\/wp-json\/wp\/v2\/product\/3057","targetHints":{"allow":["GET"]}}],"collection":[{"href":"https:\/\/cleanuppr.com\/es\/wp-json\/wp\/v2\/product"}],"about":[{"href":"https:\/\/cleanuppr.com\/es\/wp-json\/wp\/v2\/types\/product"}],"replies":[{"embeddable":true,"href":"https:\/\/cleanuppr.com\/es\/wp-json\/wp\/v2\/comments?post=3057"}],"wp:featuredmedia":[{"embeddable":true,"href":"https:\/\/cleanuppr.com\/es\/wp-json\/wp\/v2\/media\/2116"}],"wp:attachment":[{"href":"https:\/\/cleanuppr.com\/es\/wp-json\/wp\/v2\/media?parent=3057"}],"wp:term":[{"taxonomy":"product_brand","embeddable":true,"href":"https:\/\/cleanuppr.com\/es\/wp-json\/wp\/v2\/product_brand?post=3057"},{"taxonomy":"product_cat","embeddable":true,"href":"https:\/\/cleanuppr.com\/es\/wp-json\/wp\/v2\/product_cat?post=3057"},{"taxonomy":"product_tag","embeddable":true,"href":"https:\/\/cleanuppr.com\/es\/wp-json\/wp\/v2\/product_tag?post=3057"},{"taxonomy":"industry","embeddable":true,"href":"https:\/\/cleanuppr.com\/es\/wp-json\/wp\/v2\/industry?post=3057"},{"taxonomy":"brands","embeddable":true,"href":"https:\/\/cleanuppr.com\/es\/wp-json\/wp\/v2\/brands?post=3057"}],"curies":[{"name":"wp","href":"https:\/\/api.w.org\/{rel}","templated":true}]}}