{"id":3056,"date":"2023-08-17T22:18:02","date_gmt":"2023-08-18T02:18:02","guid":{"rendered":"http:\/\/cleanuppr.com\/catalog\/problend-soft-touch-plus-softener\/"},"modified":"2023-12-27T12:28:11","modified_gmt":"2023-12-27T16:28:11","slug":"problend-soft-touch-plus-softener","status":"publish","type":"product","link":"https:\/\/cleanuppr.com\/es\/catalog\/problend-soft-touch-plus-softener\/","title":{"rendered":"ProBlend\u2122 Soft Touch Plus Softener"},"content":{"rendered":"<p>El suavizante concentrado minimiza las arrugas, aumenta la suavidad y reduce la electricidad est\u00e1tica. Fragancia fresca de abril. Su viscosidad controlada permite una dosificaci\u00f3n uniforme en aplicaciones de lavander\u00eda comercial e industrial.<\/p>\n","protected":false},"excerpt":{"rendered":"<p>El suavizante concentrado minimiza las arrugas, aumenta la suavidad y reduce la electricidad est\u00e1tica. Fragancia fresca de abril. Su viscosidad controlada permite una dosificaci\u00f3n uniforme en aplicaciones de lavander\u00eda comercial e industrial.<\/p>\n","protected":false},"featured_media":2151,"comment_status":"closed","ping_status":"closed","template":"","meta":[],"product_brand":[],"product_cat":[331],"product_tag":[],"industry":[34],"brands":[32],"class_list":{"0":"post-3056","1":"product","2":"type-product","3":"status-publish","4":"has-post-thumbnail","6":"product_cat-suavizador","7":"pa_size-5-galones","8":"industry-laundry","9":"brands-problend","11":"first","12":"instock","13":"taxable","14":"shipping-taxable","15":"purchasable","16":"product-type-simple"},"_links":{"self":[{"href":"https:\/\/cleanuppr.com\/es\/wp-json\/wp\/v2\/product\/3056","targetHints":{"allow":["GET"]}}],"collection":[{"href":"https:\/\/cleanuppr.com\/es\/wp-json\/wp\/v2\/product"}],"about":[{"href":"https:\/\/cleanuppr.com\/es\/wp-json\/wp\/v2\/types\/product"}],"replies":[{"embeddable":true,"href":"https:\/\/cleanuppr.com\/es\/wp-json\/wp\/v2\/comments?post=3056"}],"wp:featuredmedia":[{"embeddable":true,"href":"https:\/\/cleanuppr.com\/es\/wp-json\/wp\/v2\/media\/2151"}],"wp:attachment":[{"href":"https:\/\/cleanuppr.com\/es\/wp-json\/wp\/v2\/media?parent=3056"}],"wp:term":[{"taxonomy":"product_brand","embeddable":true,"href":"https:\/\/cleanuppr.com\/es\/wp-json\/wp\/v2\/product_brand?post=3056"},{"taxonomy":"product_cat","embeddable":true,"href":"https:\/\/cleanuppr.com\/es\/wp-json\/wp\/v2\/product_cat?post=3056"},{"taxonomy":"product_tag","embeddable":true,"href":"https:\/\/cleanuppr.com\/es\/wp-json\/wp\/v2\/product_tag?post=3056"},{"taxonomy":"industry","embeddable":true,"href":"https:\/\/cleanuppr.com\/es\/wp-json\/wp\/v2\/industry?post=3056"},{"taxonomy":"brands","embeddable":true,"href":"https:\/\/cleanuppr.com\/es\/wp-json\/wp\/v2\/brands?post=3056"}],"curies":[{"name":"wp","href":"https:\/\/api.w.org\/{rel}","templated":true}]}}