{"id":3050,"date":"2023-08-17T22:18:02","date_gmt":"2023-08-18T02:18:02","guid":{"rendered":"http:\/\/cleanuppr.com\/catalog\/problend-stain-pro-1-reclaim\/"},"modified":"2023-12-27T12:27:22","modified_gmt":"2023-12-27T16:27:22","slug":"problend-stain-pro-1-reclaim","status":"publish","type":"product","link":"https:\/\/cleanuppr.com\/es\/catalog\/problend-stain-pro-1-reclaim\/","title":{"rendered":"ProBlend\u2122 Stain Pro 1 Reclaim"},"content":{"rendered":"<p>Dise\u00f1ado para lino blanco. Recupera las manchas dif\u00edciles de eliminar que se perdieron en los procedimientos previos al desmanchado o en el proceso de lavado. Stain Pro 1 en su operaci\u00f3n pondr\u00e1 la ropa nuevamente en servicio, ahorr\u00e1ndole tiempo y dinero.<\/p>\n","protected":false},"excerpt":{"rendered":"<p>Dise\u00f1ado para lino blanco. Recupera las manchas dif\u00edciles de eliminar que se perdieron en los procedimientos previos al desmanchado o en el proceso de lavado. Stain Pro 1 en su operaci\u00f3n pondr\u00e1 la ropa nuevamente en servicio, ahorr\u00e1ndole tiempo y dinero.<\/p>\n","protected":false},"featured_media":2140,"comment_status":"closed","ping_status":"closed","template":"","meta":[],"product_brand":[],"product_cat":[327],"product_tag":[],"industry":[34],"brands":[32],"class_list":{"0":"post-3050","1":"product","2":"type-product","3":"status-publish","4":"has-post-thumbnail","6":"product_cat-desmanchador","7":"pa_size-1-5-lb-es-2","8":"industry-laundry","9":"brands-problend","11":"first","12":"instock","13":"taxable","14":"shipping-taxable","15":"purchasable","16":"product-type-simple"},"_links":{"self":[{"href":"https:\/\/cleanuppr.com\/es\/wp-json\/wp\/v2\/product\/3050","targetHints":{"allow":["GET"]}}],"collection":[{"href":"https:\/\/cleanuppr.com\/es\/wp-json\/wp\/v2\/product"}],"about":[{"href":"https:\/\/cleanuppr.com\/es\/wp-json\/wp\/v2\/types\/product"}],"replies":[{"embeddable":true,"href":"https:\/\/cleanuppr.com\/es\/wp-json\/wp\/v2\/comments?post=3050"}],"wp:featuredmedia":[{"embeddable":true,"href":"https:\/\/cleanuppr.com\/es\/wp-json\/wp\/v2\/media\/2140"}],"wp:attachment":[{"href":"https:\/\/cleanuppr.com\/es\/wp-json\/wp\/v2\/media?parent=3050"}],"wp:term":[{"taxonomy":"product_brand","embeddable":true,"href":"https:\/\/cleanuppr.com\/es\/wp-json\/wp\/v2\/product_brand?post=3050"},{"taxonomy":"product_cat","embeddable":true,"href":"https:\/\/cleanuppr.com\/es\/wp-json\/wp\/v2\/product_cat?post=3050"},{"taxonomy":"product_tag","embeddable":true,"href":"https:\/\/cleanuppr.com\/es\/wp-json\/wp\/v2\/product_tag?post=3050"},{"taxonomy":"industry","embeddable":true,"href":"https:\/\/cleanuppr.com\/es\/wp-json\/wp\/v2\/industry?post=3050"},{"taxonomy":"brands","embeddable":true,"href":"https:\/\/cleanuppr.com\/es\/wp-json\/wp\/v2\/brands?post=3050"}],"curies":[{"name":"wp","href":"https:\/\/api.w.org\/{rel}","templated":true}]}}