{"id":3048,"date":"2023-08-17T22:18:02","date_gmt":"2023-08-18T02:18:02","guid":{"rendered":"http:\/\/cleanuppr.com\/catalog\/problend-stain-pro-e-pre-spotter\/"},"modified":"2023-12-27T12:24:49","modified_gmt":"2023-12-27T16:24:49","slug":"problend-stain-pro-e-pre-spotter","status":"publish","type":"product","link":"https:\/\/cleanuppr.com\/es\/catalog\/problend-stain-pro-e-pre-spotter\/","title":{"rendered":"ProBlend\u2122 Stain Pro E Pre-Spotter"},"content":{"rendered":"<p>Potente f\u00f3rmula enzim\u00e1tica para uso en el proceso previo al desmanchado. Elimina manchas dif\u00edciles de pasto, tinta, chocolate, ketchup, salsa gravy y otros colorantes alimentarios. Excelente para premanchar los pu\u00f1os. Fragancia de kiwi y melocot\u00f3n.<\/p>\n","protected":false},"excerpt":{"rendered":"<p>Potente f\u00f3rmula enzim\u00e1tica para uso en el proceso previo al desmanchado. Elimina manchas dif\u00edciles de pasto, tinta, chocolate, ketchup, salsa gravy y otros colorantes alimentarios. Excelente para premanchar los pu\u00f1os. Fragancia de kiwi y melocot\u00f3n.<\/p>\n","protected":false},"featured_media":2155,"comment_status":"closed","ping_status":"closed","template":"","meta":[],"product_brand":[],"product_cat":[327],"product_tag":[366],"industry":[34],"brands":[32],"class_list":{"0":"post-3048","1":"product","2":"type-product","3":"status-publish","4":"has-post-thumbnail","6":"product_cat-desmanchador","7":"product_tag-inicio","8":"pa_size-1-c-u","9":"industry-laundry","10":"brands-problend","12":"first","13":"instock","14":"taxable","15":"shipping-taxable","16":"purchasable","17":"product-type-simple"},"_links":{"self":[{"href":"https:\/\/cleanuppr.com\/es\/wp-json\/wp\/v2\/product\/3048","targetHints":{"allow":["GET"]}}],"collection":[{"href":"https:\/\/cleanuppr.com\/es\/wp-json\/wp\/v2\/product"}],"about":[{"href":"https:\/\/cleanuppr.com\/es\/wp-json\/wp\/v2\/types\/product"}],"replies":[{"embeddable":true,"href":"https:\/\/cleanuppr.com\/es\/wp-json\/wp\/v2\/comments?post=3048"}],"wp:featuredmedia":[{"embeddable":true,"href":"https:\/\/cleanuppr.com\/es\/wp-json\/wp\/v2\/media\/2155"}],"wp:attachment":[{"href":"https:\/\/cleanuppr.com\/es\/wp-json\/wp\/v2\/media?parent=3048"}],"wp:term":[{"taxonomy":"product_brand","embeddable":true,"href":"https:\/\/cleanuppr.com\/es\/wp-json\/wp\/v2\/product_brand?post=3048"},{"taxonomy":"product_cat","embeddable":true,"href":"https:\/\/cleanuppr.com\/es\/wp-json\/wp\/v2\/product_cat?post=3048"},{"taxonomy":"product_tag","embeddable":true,"href":"https:\/\/cleanuppr.com\/es\/wp-json\/wp\/v2\/product_tag?post=3048"},{"taxonomy":"industry","embeddable":true,"href":"https:\/\/cleanuppr.com\/es\/wp-json\/wp\/v2\/industry?post=3048"},{"taxonomy":"brands","embeddable":true,"href":"https:\/\/cleanuppr.com\/es\/wp-json\/wp\/v2\/brands?post=3048"}],"curies":[{"name":"wp","href":"https:\/\/api.w.org\/{rel}","templated":true}]}}