{"id":3047,"date":"2023-08-17T22:18:02","date_gmt":"2023-08-18T02:18:02","guid":{"rendered":"http:\/\/cleanuppr.com\/catalog\/problend-opti-brite-all-in-one-towel-rag-powder-laundry-detergent\/"},"modified":"2023-12-27T12:24:36","modified_gmt":"2023-12-27T16:24:36","slug":"problend-opti-brite-all-in-one-towel-rag-powder-laundry-detergent","status":"publish","type":"product","link":"https:\/\/cleanuppr.com\/es\/catalog\/problend-opti-brite-all-in-one-towel-rag-powder-laundry-detergent\/","title":{"rendered":"ProBlend\u2122 Opti-Brite &#8211; All-In-One\/Towel &#038; Rag Powder Laundry Detergent"},"content":{"rendered":"<p>El detergente todo en uno en polvo de primera calidad reduce dr\u00e1sticamente la decoloraci\u00f3n con el uso regular. Efectivo a todas las temperaturas. Fragancia c\u00edtrica. Su intenso sistema de brillo \u00f3ptico produce colores brillantes y blancos brillantes.<\/p>\n","protected":false},"excerpt":{"rendered":"<p>El detergente todo en uno en polvo de primera calidad reduce dr\u00e1sticamente la decoloraci\u00f3n con el uso regular. Efectivo a todas las temperaturas. Fragancia c\u00edtrica. Su intenso sistema de brillo \u00f3ptico produce colores brillantes y blancos brillantes.<\/p>\n","protected":false},"featured_media":2176,"comment_status":"closed","ping_status":"closed","template":"","meta":[],"product_brand":[],"product_cat":[337],"product_tag":[],"industry":[34],"brands":[32],"class_list":{"0":"post-3047","1":"product","2":"type-product","3":"status-publish","4":"has-post-thumbnail","6":"product_cat-detergente","7":"pa_size-50-lb-es-2","8":"industry-laundry","9":"brands-problend","11":"first","12":"instock","13":"taxable","14":"shipping-taxable","15":"purchasable","16":"product-type-simple"},"_links":{"self":[{"href":"https:\/\/cleanuppr.com\/es\/wp-json\/wp\/v2\/product\/3047","targetHints":{"allow":["GET"]}}],"collection":[{"href":"https:\/\/cleanuppr.com\/es\/wp-json\/wp\/v2\/product"}],"about":[{"href":"https:\/\/cleanuppr.com\/es\/wp-json\/wp\/v2\/types\/product"}],"replies":[{"embeddable":true,"href":"https:\/\/cleanuppr.com\/es\/wp-json\/wp\/v2\/comments?post=3047"}],"wp:featuredmedia":[{"embeddable":true,"href":"https:\/\/cleanuppr.com\/es\/wp-json\/wp\/v2\/media\/2176"}],"wp:attachment":[{"href":"https:\/\/cleanuppr.com\/es\/wp-json\/wp\/v2\/media?parent=3047"}],"wp:term":[{"taxonomy":"product_brand","embeddable":true,"href":"https:\/\/cleanuppr.com\/es\/wp-json\/wp\/v2\/product_brand?post=3047"},{"taxonomy":"product_cat","embeddable":true,"href":"https:\/\/cleanuppr.com\/es\/wp-json\/wp\/v2\/product_cat?post=3047"},{"taxonomy":"product_tag","embeddable":true,"href":"https:\/\/cleanuppr.com\/es\/wp-json\/wp\/v2\/product_tag?post=3047"},{"taxonomy":"industry","embeddable":true,"href":"https:\/\/cleanuppr.com\/es\/wp-json\/wp\/v2\/industry?post=3047"},{"taxonomy":"brands","embeddable":true,"href":"https:\/\/cleanuppr.com\/es\/wp-json\/wp\/v2\/brands?post=3047"}],"curies":[{"name":"wp","href":"https:\/\/api.w.org\/{rel}","templated":true}]}}