{"id":3045,"date":"2023-08-17T22:18:02","date_gmt":"2023-08-18T02:18:02","guid":{"rendered":"http:\/\/cleanuppr.com\/catalog\/problend-stain-pro-o-pre-spotter\/"},"modified":"2023-12-27T12:17:28","modified_gmt":"2023-12-27T16:17:28","slug":"problend-stain-pro-o-pre-spotter","status":"publish","type":"product","link":"https:\/\/cleanuppr.com\/es\/catalog\/problend-stain-pro-o-pre-spotter\/","title":{"rendered":"ProBlend\u2122 Stain Pro O Pre-Spotter"},"content":{"rendered":"<p>Formulado espec\u00edficamente para combatir las manchas aceitosas m\u00e1s dif\u00edciles. Fragancia c\u00edtrica. Con una mezcla especial de solventes, tensioactivos y potenciadores, Stain Pro O est\u00e1 dise\u00f1ado para eliminar medicamentos, aceite, l\u00e1piz labial, bet\u00fan para zapatos y manchas aceitosas similares.<\/p>\n","protected":false},"excerpt":{"rendered":"<p>Formulado espec\u00edficamente para combatir las manchas aceitosas m\u00e1s dif\u00edciles. Fragancia c\u00edtrica. Con una mezcla especial de solventes, tensioactivos y potenciadores, Stain Pro O est\u00e1 dise\u00f1ado para eliminar medicamentos, aceite, l\u00e1piz labial, bet\u00fan para zapatos y manchas aceitosas similares.<\/p>\n","protected":false},"featured_media":2172,"comment_status":"closed","ping_status":"closed","template":"","meta":[],"product_brand":[],"product_cat":[327],"product_tag":[366],"industry":[34],"brands":[32],"class_list":{"0":"post-3045","1":"product","2":"type-product","3":"status-publish","4":"has-post-thumbnail","6":"product_cat-desmanchador","7":"product_tag-inicio","8":"pa_size-6-qt-case-es-2","9":"industry-laundry","10":"brands-problend","12":"first","13":"instock","14":"taxable","15":"shipping-taxable","16":"purchasable","17":"product-type-simple"},"_links":{"self":[{"href":"https:\/\/cleanuppr.com\/es\/wp-json\/wp\/v2\/product\/3045","targetHints":{"allow":["GET"]}}],"collection":[{"href":"https:\/\/cleanuppr.com\/es\/wp-json\/wp\/v2\/product"}],"about":[{"href":"https:\/\/cleanuppr.com\/es\/wp-json\/wp\/v2\/types\/product"}],"replies":[{"embeddable":true,"href":"https:\/\/cleanuppr.com\/es\/wp-json\/wp\/v2\/comments?post=3045"}],"wp:featuredmedia":[{"embeddable":true,"href":"https:\/\/cleanuppr.com\/es\/wp-json\/wp\/v2\/media\/2172"}],"wp:attachment":[{"href":"https:\/\/cleanuppr.com\/es\/wp-json\/wp\/v2\/media?parent=3045"}],"wp:term":[{"taxonomy":"product_brand","embeddable":true,"href":"https:\/\/cleanuppr.com\/es\/wp-json\/wp\/v2\/product_brand?post=3045"},{"taxonomy":"product_cat","embeddable":true,"href":"https:\/\/cleanuppr.com\/es\/wp-json\/wp\/v2\/product_cat?post=3045"},{"taxonomy":"product_tag","embeddable":true,"href":"https:\/\/cleanuppr.com\/es\/wp-json\/wp\/v2\/product_tag?post=3045"},{"taxonomy":"industry","embeddable":true,"href":"https:\/\/cleanuppr.com\/es\/wp-json\/wp\/v2\/industry?post=3045"},{"taxonomy":"brands","embeddable":true,"href":"https:\/\/cleanuppr.com\/es\/wp-json\/wp\/v2\/brands?post=3045"}],"curies":[{"name":"wp","href":"https:\/\/api.w.org\/{rel}","templated":true}]}}