{"id":3040,"date":"2023-08-17T22:18:02","date_gmt":"2023-08-18T02:18:02","guid":{"rendered":"http:\/\/cleanuppr.com\/catalog\/problend-touch-free-dispenser\/"},"modified":"2023-12-27T12:18:42","modified_gmt":"2023-12-27T16:18:42","slug":"problend-touch-free-dispenser","status":"publish","type":"product","link":"https:\/\/cleanuppr.com\/es\/catalog\/problend-touch-free-dispenser\/","title":{"rendered":"ProBlend\u2122 Touch-Free Dispenser"},"content":{"rendered":"<p>Dispensador para el cuidado de manos sin contacto para cartuchos de 1.25 L. F\u00e1cil carga de cartuchos. Huella compacta. Hasta 3125 cartuchos para lavado\/desinfecci\u00f3n de manos. Cumple con ADA. Bajo consumo de energ\u00eda. La luz indicadora LED indica uso y bater\u00eda baja.<\/p>\n","protected":false},"excerpt":{"rendered":"<p>Dispensador para el cuidado de manos sin contacto para cartuchos de 1.25 L. F\u00e1cil carga de cartuchos. Huella compacta. Hasta 3125 cartuchos para lavado\/desinfecci\u00f3n de manos. Cumple con ADA. Bajo consumo de energ\u00eda. La luz indicadora LED indica uso y bater\u00eda baja.<\/p>\n","protected":false},"featured_media":2163,"comment_status":"closed","ping_status":"closed","template":"","meta":[],"product_brand":[],"product_cat":[323],"product_tag":[],"industry":[35,53,23,19],"brands":[32],"class_list":{"0":"post-3040","1":"product","2":"type-product","3":"status-publish","4":"has-post-thumbnail","6":"product_cat-equipos","7":"pa_color-blanco","8":"pa_color-black-es-2","9":"industry-cleaning-janitorial","10":"industry-food-processing","11":"industry-hospitality","12":"industry-food-service","13":"brands-problend","15":"first","16":"instock","17":"taxable","18":"shipping-taxable","19":"purchasable","20":"product-type-variable","21":"has-default-attributes"},"_links":{"self":[{"href":"https:\/\/cleanuppr.com\/es\/wp-json\/wp\/v2\/product\/3040","targetHints":{"allow":["GET"]}}],"collection":[{"href":"https:\/\/cleanuppr.com\/es\/wp-json\/wp\/v2\/product"}],"about":[{"href":"https:\/\/cleanuppr.com\/es\/wp-json\/wp\/v2\/types\/product"}],"replies":[{"embeddable":true,"href":"https:\/\/cleanuppr.com\/es\/wp-json\/wp\/v2\/comments?post=3040"}],"wp:featuredmedia":[{"embeddable":true,"href":"https:\/\/cleanuppr.com\/es\/wp-json\/wp\/v2\/media\/2163"}],"wp:attachment":[{"href":"https:\/\/cleanuppr.com\/es\/wp-json\/wp\/v2\/media?parent=3040"}],"wp:term":[{"taxonomy":"product_brand","embeddable":true,"href":"https:\/\/cleanuppr.com\/es\/wp-json\/wp\/v2\/product_brand?post=3040"},{"taxonomy":"product_cat","embeddable":true,"href":"https:\/\/cleanuppr.com\/es\/wp-json\/wp\/v2\/product_cat?post=3040"},{"taxonomy":"product_tag","embeddable":true,"href":"https:\/\/cleanuppr.com\/es\/wp-json\/wp\/v2\/product_tag?post=3040"},{"taxonomy":"industry","embeddable":true,"href":"https:\/\/cleanuppr.com\/es\/wp-json\/wp\/v2\/industry?post=3040"},{"taxonomy":"brands","embeddable":true,"href":"https:\/\/cleanuppr.com\/es\/wp-json\/wp\/v2\/brands?post=3040"}],"curies":[{"name":"wp","href":"https:\/\/api.w.org\/{rel}","templated":true}]}}