{"id":3039,"date":"2023-08-17T22:18:02","date_gmt":"2023-08-18T02:18:02","guid":{"rendered":"http:\/\/cleanuppr.com\/catalog\/problend-workforce-combi-tab-ultra-concentrated-combination-oven-detergent\/"},"modified":"2023-12-27T12:19:22","modified_gmt":"2023-12-27T16:19:22","slug":"problend-workforce-combi-tab-ultra-concentrated-combination-oven-detergent","status":"publish","type":"product","link":"https:\/\/cleanuppr.com\/es\/catalog\/problend-workforce-combi-tab-ultra-concentrated-combination-oven-detergent\/","title":{"rendered":"ProBlend\u2122 Workforce\u00ae Combi-Tab Ultra Concentrated Combination Oven Detergent"},"content":{"rendered":"<p>Detergente para hornos combinados ultraconcentrado dise\u00f1ado exclusivamente para sistemas autom\u00e1ticos en hornos combinados. Este sistema prolongar\u00e1 la vida \u00fatil de su horno combinado y mantendr\u00e1 el interior como nuevo. Utilice 1 tableta cada 3 o 4 competiciones.<\/p>\n","protected":false},"excerpt":{"rendered":"<p>Detergente para hornos combinados ultraconcentrado dise\u00f1ado exclusivamente para sistemas autom\u00e1ticos en hornos combinados. Este sistema prolongar\u00e1 la vida \u00fatil de su horno combinado y mantendr\u00e1 el interior como nuevo. Utilice 1 tableta cada 3 o 4 competiciones.<\/p>\n","protected":false},"featured_media":2161,"comment_status":"closed","ping_status":"closed","template":"","meta":[],"product_brand":[],"product_cat":[337],"product_tag":[],"industry":[19],"brands":[32],"class_list":{"0":"post-3039","1":"product","2":"type-product","3":"status-publish","4":"has-post-thumbnail","6":"product_cat-detergente","7":"pa_size-50-tabletas","8":"industry-food-service","9":"brands-problend","11":"first","12":"instock","13":"taxable","14":"shipping-taxable","15":"purchasable","16":"product-type-simple"},"_links":{"self":[{"href":"https:\/\/cleanuppr.com\/es\/wp-json\/wp\/v2\/product\/3039","targetHints":{"allow":["GET"]}}],"collection":[{"href":"https:\/\/cleanuppr.com\/es\/wp-json\/wp\/v2\/product"}],"about":[{"href":"https:\/\/cleanuppr.com\/es\/wp-json\/wp\/v2\/types\/product"}],"replies":[{"embeddable":true,"href":"https:\/\/cleanuppr.com\/es\/wp-json\/wp\/v2\/comments?post=3039"}],"wp:featuredmedia":[{"embeddable":true,"href":"https:\/\/cleanuppr.com\/es\/wp-json\/wp\/v2\/media\/2161"}],"wp:attachment":[{"href":"https:\/\/cleanuppr.com\/es\/wp-json\/wp\/v2\/media?parent=3039"}],"wp:term":[{"taxonomy":"product_brand","embeddable":true,"href":"https:\/\/cleanuppr.com\/es\/wp-json\/wp\/v2\/product_brand?post=3039"},{"taxonomy":"product_cat","embeddable":true,"href":"https:\/\/cleanuppr.com\/es\/wp-json\/wp\/v2\/product_cat?post=3039"},{"taxonomy":"product_tag","embeddable":true,"href":"https:\/\/cleanuppr.com\/es\/wp-json\/wp\/v2\/product_tag?post=3039"},{"taxonomy":"industry","embeddable":true,"href":"https:\/\/cleanuppr.com\/es\/wp-json\/wp\/v2\/industry?post=3039"},{"taxonomy":"brands","embeddable":true,"href":"https:\/\/cleanuppr.com\/es\/wp-json\/wp\/v2\/brands?post=3039"}],"curies":[{"name":"wp","href":"https:\/\/api.w.org\/{rel}","templated":true}]}}