{"id":3031,"date":"2023-08-17T22:18:23","date_gmt":"2023-08-18T02:18:23","guid":{"rendered":"http:\/\/cleanuppr.com\/catalog\/problend-amenities-dispenser\/"},"modified":"2023-12-27T12:10:30","modified_gmt":"2023-12-27T16:10:30","slug":"problend-amenities-dispenser","status":"publish","type":"product","link":"https:\/\/cleanuppr.com\/es\/catalog\/problend-amenities-dispenser\/","title":{"rendered":"ProBlend\u2122 Amenities Dispenser"},"content":{"rendered":"<p>Dispensador de dise\u00f1o sofisticado y f\u00e1cil cambio. El mecanismo de bloqueo evita manipulaciones y vandalismo. \u00daselo con el cartucho y la bomba de &#8220;Amenities&#8221;.<\/p>\n","protected":false},"excerpt":{"rendered":"<p>Dispensador de dise\u00f1o sofisticado y f\u00e1cil cambio. El mecanismo de bloqueo evita manipulaciones y vandalismo. \u00daselo con el cartucho y la bomba de &#8220;Amenities&#8221;.<\/p>\n","protected":false},"featured_media":2210,"comment_status":"closed","ping_status":"closed","template":"","meta":[],"product_brand":[],"product_cat":[323],"product_tag":[],"industry":[23],"brands":[32],"class_list":{"0":"post-3031","1":"product","2":"type-product","3":"status-publish","4":"has-post-thumbnail","6":"product_cat-equipos","7":"pa_color-blanco","8":"pa_size-c-u","9":"industry-hospitality","10":"brands-problend","12":"first","13":"instock","14":"taxable","15":"shipping-taxable","16":"purchasable","17":"product-type-simple"},"_links":{"self":[{"href":"https:\/\/cleanuppr.com\/es\/wp-json\/wp\/v2\/product\/3031","targetHints":{"allow":["GET"]}}],"collection":[{"href":"https:\/\/cleanuppr.com\/es\/wp-json\/wp\/v2\/product"}],"about":[{"href":"https:\/\/cleanuppr.com\/es\/wp-json\/wp\/v2\/types\/product"}],"replies":[{"embeddable":true,"href":"https:\/\/cleanuppr.com\/es\/wp-json\/wp\/v2\/comments?post=3031"}],"wp:featuredmedia":[{"embeddable":true,"href":"https:\/\/cleanuppr.com\/es\/wp-json\/wp\/v2\/media\/2210"}],"wp:attachment":[{"href":"https:\/\/cleanuppr.com\/es\/wp-json\/wp\/v2\/media?parent=3031"}],"wp:term":[{"taxonomy":"product_brand","embeddable":true,"href":"https:\/\/cleanuppr.com\/es\/wp-json\/wp\/v2\/product_brand?post=3031"},{"taxonomy":"product_cat","embeddable":true,"href":"https:\/\/cleanuppr.com\/es\/wp-json\/wp\/v2\/product_cat?post=3031"},{"taxonomy":"product_tag","embeddable":true,"href":"https:\/\/cleanuppr.com\/es\/wp-json\/wp\/v2\/product_tag?post=3031"},{"taxonomy":"industry","embeddable":true,"href":"https:\/\/cleanuppr.com\/es\/wp-json\/wp\/v2\/industry?post=3031"},{"taxonomy":"brands","embeddable":true,"href":"https:\/\/cleanuppr.com\/es\/wp-json\/wp\/v2\/brands?post=3031"}],"curies":[{"name":"wp","href":"https:\/\/api.w.org\/{rel}","templated":true}]}}