{"id":3026,"date":"2023-08-17T22:18:23","date_gmt":"2023-08-18T02:18:23","guid":{"rendered":"http:\/\/cleanuppr.com\/catalog\/problend-combat-concrete-cleaner\/"},"modified":"2023-12-27T12:12:08","modified_gmt":"2023-12-27T16:12:08","slug":"problend-combat-concrete-cleaner","status":"publish","type":"product","link":"https:\/\/cleanuppr.com\/es\/catalog\/problend-combat-concrete-cleaner\/","title":{"rendered":"ProBlend\u2122 Combat &#8211; Concrete Cleaner"},"content":{"rendered":"<p>Limpia superficies de hormig\u00f3n muy s\u00f3lidas o de hormig\u00f3n revestidas. De color amarillo intenso. Contiene \u00e1lcalis, secuestrantes y agentes humectantes que penetran r\u00e1pidamente en suelos impregnados de hormig\u00f3n.<\/p>\n","protected":false},"excerpt":{"rendered":"<p>Limpia superficies de hormig\u00f3n muy s\u00f3lidas o de hormig\u00f3n revestidas. De color amarillo intenso. Contiene \u00e1lcalis, secuestrantes y agentes humectantes que penetran r\u00e1pidamente en suelos impregnados de hormig\u00f3n.<\/p>\n","protected":false},"featured_media":2196,"comment_status":"closed","ping_status":"closed","template":"","meta":[],"product_brand":[],"product_cat":[339],"product_tag":[],"industry":[35],"brands":[32],"class_list":{"0":"post-3026","1":"product","2":"type-product","3":"status-publish","4":"has-post-thumbnail","6":"product_cat-limpiador","7":"pa_size-paila-de-50-lb","8":"industry-cleaning-janitorial","9":"brands-problend","11":"first","12":"instock","13":"taxable","14":"shipping-taxable","15":"purchasable","16":"product-type-simple"},"_links":{"self":[{"href":"https:\/\/cleanuppr.com\/es\/wp-json\/wp\/v2\/product\/3026","targetHints":{"allow":["GET"]}}],"collection":[{"href":"https:\/\/cleanuppr.com\/es\/wp-json\/wp\/v2\/product"}],"about":[{"href":"https:\/\/cleanuppr.com\/es\/wp-json\/wp\/v2\/types\/product"}],"replies":[{"embeddable":true,"href":"https:\/\/cleanuppr.com\/es\/wp-json\/wp\/v2\/comments?post=3026"}],"wp:featuredmedia":[{"embeddable":true,"href":"https:\/\/cleanuppr.com\/es\/wp-json\/wp\/v2\/media\/2196"}],"wp:attachment":[{"href":"https:\/\/cleanuppr.com\/es\/wp-json\/wp\/v2\/media?parent=3026"}],"wp:term":[{"taxonomy":"product_brand","embeddable":true,"href":"https:\/\/cleanuppr.com\/es\/wp-json\/wp\/v2\/product_brand?post=3026"},{"taxonomy":"product_cat","embeddable":true,"href":"https:\/\/cleanuppr.com\/es\/wp-json\/wp\/v2\/product_cat?post=3026"},{"taxonomy":"product_tag","embeddable":true,"href":"https:\/\/cleanuppr.com\/es\/wp-json\/wp\/v2\/product_tag?post=3026"},{"taxonomy":"industry","embeddable":true,"href":"https:\/\/cleanuppr.com\/es\/wp-json\/wp\/v2\/industry?post=3026"},{"taxonomy":"brands","embeddable":true,"href":"https:\/\/cleanuppr.com\/es\/wp-json\/wp\/v2\/brands?post=3026"}],"curies":[{"name":"wp","href":"https:\/\/api.w.org\/{rel}","templated":true}]}}