{"id":3024,"date":"2023-08-17T22:18:23","date_gmt":"2023-08-18T02:18:23","guid":{"rendered":"http:\/\/cleanuppr.com\/catalog\/problend-clean-freeze-alkaline-cleaner\/"},"modified":"2023-12-27T12:17:02","modified_gmt":"2023-12-27T16:17:02","slug":"problend-clean-freeze-alkaline-cleaner","status":"publish","type":"product","link":"https:\/\/cleanuppr.com\/es\/catalog\/problend-clean-freeze-alkaline-cleaner\/","title":{"rendered":"ProBlend\u2122 Clean Freeze Alkaline Cleaner"},"content":{"rendered":"<p>Limpiador alcalino de baja espuma formulado para uso en ambientes refrigerados y congeladores. Se puede utilizar en una amplia gama de superficies y en la mayor\u00eda de los metales. Proporciona una r\u00e1pida penetraci\u00f3n de suciedad, grasas y suelos proteicos.<\/p>\n","protected":false},"excerpt":{"rendered":"<p>Limpiador alcalino de baja espuma formulado para uso en ambientes refrigerados y congeladores. Se puede utilizar en una amplia gama de superficies y en la mayor\u00eda de los metales. Proporciona una r\u00e1pida penetraci\u00f3n de suciedad, grasas y suelos proteicos.<\/p>\n","protected":false},"featured_media":2193,"comment_status":"closed","ping_status":"closed","template":"","meta":[],"product_brand":[],"product_cat":[339],"product_tag":[],"industry":[53,19],"brands":[32],"class_list":{"0":"post-3024","1":"product","2":"type-product","3":"status-publish","4":"has-post-thumbnail","6":"product_cat-limpiador","7":"pa_size-case-de-4-galones","8":"industry-food-processing","9":"industry-food-service","10":"brands-problend","12":"first","13":"instock","14":"taxable","15":"shipping-taxable","16":"purchasable","17":"product-type-simple"},"_links":{"self":[{"href":"https:\/\/cleanuppr.com\/es\/wp-json\/wp\/v2\/product\/3024","targetHints":{"allow":["GET"]}}],"collection":[{"href":"https:\/\/cleanuppr.com\/es\/wp-json\/wp\/v2\/product"}],"about":[{"href":"https:\/\/cleanuppr.com\/es\/wp-json\/wp\/v2\/types\/product"}],"replies":[{"embeddable":true,"href":"https:\/\/cleanuppr.com\/es\/wp-json\/wp\/v2\/comments?post=3024"}],"wp:featuredmedia":[{"embeddable":true,"href":"https:\/\/cleanuppr.com\/es\/wp-json\/wp\/v2\/media\/2193"}],"wp:attachment":[{"href":"https:\/\/cleanuppr.com\/es\/wp-json\/wp\/v2\/media?parent=3024"}],"wp:term":[{"taxonomy":"product_brand","embeddable":true,"href":"https:\/\/cleanuppr.com\/es\/wp-json\/wp\/v2\/product_brand?post=3024"},{"taxonomy":"product_cat","embeddable":true,"href":"https:\/\/cleanuppr.com\/es\/wp-json\/wp\/v2\/product_cat?post=3024"},{"taxonomy":"product_tag","embeddable":true,"href":"https:\/\/cleanuppr.com\/es\/wp-json\/wp\/v2\/product_tag?post=3024"},{"taxonomy":"industry","embeddable":true,"href":"https:\/\/cleanuppr.com\/es\/wp-json\/wp\/v2\/industry?post=3024"},{"taxonomy":"brands","embeddable":true,"href":"https:\/\/cleanuppr.com\/es\/wp-json\/wp\/v2\/brands?post=3024"}],"curies":[{"name":"wp","href":"https:\/\/api.w.org\/{rel}","templated":true}]}}