{"id":3021,"date":"2023-08-17T22:18:23","date_gmt":"2023-08-18T02:18:23","guid":{"rendered":"http:\/\/cleanuppr.com\/catalog\/problend-produceshield\/"},"modified":"2023-12-27T12:14:59","modified_gmt":"2023-12-27T16:14:59","slug":"problend-produceshield","status":"publish","type":"product","link":"https:\/\/cleanuppr.com\/es\/catalog\/problend-produceshield\/","title":{"rendered":"ProBlend\u2122 ProduceShield+"},"content":{"rendered":"<p>La soluci\u00f3n para el lavado de productos agr\u00edcolas sin enjuague mejora la seguridad alimentaria, reduce el deterioro y mejora las caracter\u00edsticas de textura de las frutas y verduras procesadas. Una mezcla patentada de todos los ingredientes GRAS.<\/p>\n","protected":false},"excerpt":{"rendered":"<p>La soluci\u00f3n para el lavado de productos agr\u00edcolas sin enjuague mejora la seguridad alimentaria, reduce el deterioro y mejora las caracter\u00edsticas de textura de las frutas y verduras procesadas. Una mezcla patentada de todos los ingredientes GRAS.<\/p>\n","protected":false},"featured_media":2182,"comment_status":"closed","ping_status":"closed","template":"","meta":[],"product_brand":[],"product_cat":[345],"product_tag":[],"industry":[53,19],"brands":[32],"class_list":{"0":"post-3021","1":"product","2":"type-product","3":"status-publish","4":"has-post-thumbnail","6":"product_cat-seguridad-en-comida","7":"pa_size-2-5-gal-es-2","8":"industry-food-processing","9":"industry-food-service","10":"brands-problend","12":"first","13":"instock","14":"taxable","15":"shipping-taxable","16":"purchasable","17":"product-type-simple"},"_links":{"self":[{"href":"https:\/\/cleanuppr.com\/es\/wp-json\/wp\/v2\/product\/3021","targetHints":{"allow":["GET"]}}],"collection":[{"href":"https:\/\/cleanuppr.com\/es\/wp-json\/wp\/v2\/product"}],"about":[{"href":"https:\/\/cleanuppr.com\/es\/wp-json\/wp\/v2\/types\/product"}],"replies":[{"embeddable":true,"href":"https:\/\/cleanuppr.com\/es\/wp-json\/wp\/v2\/comments?post=3021"}],"wp:featuredmedia":[{"embeddable":true,"href":"https:\/\/cleanuppr.com\/es\/wp-json\/wp\/v2\/media\/2182"}],"wp:attachment":[{"href":"https:\/\/cleanuppr.com\/es\/wp-json\/wp\/v2\/media?parent=3021"}],"wp:term":[{"taxonomy":"product_brand","embeddable":true,"href":"https:\/\/cleanuppr.com\/es\/wp-json\/wp\/v2\/product_brand?post=3021"},{"taxonomy":"product_cat","embeddable":true,"href":"https:\/\/cleanuppr.com\/es\/wp-json\/wp\/v2\/product_cat?post=3021"},{"taxonomy":"product_tag","embeddable":true,"href":"https:\/\/cleanuppr.com\/es\/wp-json\/wp\/v2\/product_tag?post=3021"},{"taxonomy":"industry","embeddable":true,"href":"https:\/\/cleanuppr.com\/es\/wp-json\/wp\/v2\/industry?post=3021"},{"taxonomy":"brands","embeddable":true,"href":"https:\/\/cleanuppr.com\/es\/wp-json\/wp\/v2\/brands?post=3021"}],"curies":[{"name":"wp","href":"https:\/\/api.w.org\/{rel}","templated":true}]}}