{"id":3020,"date":"2023-08-17T22:18:23","date_gmt":"2023-08-18T02:18:23","guid":{"rendered":"http:\/\/cleanuppr.com\/catalog\/problend-eraser-cleaner-destainer\/"},"modified":"2023-12-27T12:14:37","modified_gmt":"2023-12-27T16:14:37","slug":"problend-eraser-cleaner-destainer","status":"publish","type":"product","link":"https:\/\/cleanuppr.com\/es\/catalog\/problend-eraser-cleaner-destainer\/","title":{"rendered":"ProBlend\u2122 Eraser Cleaner &#038; Destainer"},"content":{"rendered":"<p>Potente limpiador y desmanchador listo para usar que elimina las manchas dif\u00edciles, como moho, manchas de comida y decoloraci\u00f3n. Contiene lej\u00eda con cloro. Fragancia floral.<\/p>\n","protected":false},"excerpt":{"rendered":"<p>Potente limpiador y desmanchador listo para usar que elimina las manchas dif\u00edciles, como moho, manchas de comida y decoloraci\u00f3n. Contiene lej\u00eda con cloro. Fragancia floral.<\/p>\n","protected":false},"featured_media":2184,"comment_status":"closed","ping_status":"closed","template":"","meta":[],"product_brand":[],"product_cat":[339],"product_tag":[],"industry":[35,23],"brands":[32],"class_list":{"0":"post-3020","1":"product","2":"type-product","3":"status-publish","4":"has-post-thumbnail","6":"product_cat-limpiador","7":"pa_size-6-qt-case-es-2","8":"industry-cleaning-janitorial","9":"industry-hospitality","10":"brands-problend","12":"first","13":"instock","14":"taxable","15":"shipping-taxable","16":"purchasable","17":"product-type-simple"},"_links":{"self":[{"href":"https:\/\/cleanuppr.com\/es\/wp-json\/wp\/v2\/product\/3020","targetHints":{"allow":["GET"]}}],"collection":[{"href":"https:\/\/cleanuppr.com\/es\/wp-json\/wp\/v2\/product"}],"about":[{"href":"https:\/\/cleanuppr.com\/es\/wp-json\/wp\/v2\/types\/product"}],"replies":[{"embeddable":true,"href":"https:\/\/cleanuppr.com\/es\/wp-json\/wp\/v2\/comments?post=3020"}],"wp:featuredmedia":[{"embeddable":true,"href":"https:\/\/cleanuppr.com\/es\/wp-json\/wp\/v2\/media\/2184"}],"wp:attachment":[{"href":"https:\/\/cleanuppr.com\/es\/wp-json\/wp\/v2\/media?parent=3020"}],"wp:term":[{"taxonomy":"product_brand","embeddable":true,"href":"https:\/\/cleanuppr.com\/es\/wp-json\/wp\/v2\/product_brand?post=3020"},{"taxonomy":"product_cat","embeddable":true,"href":"https:\/\/cleanuppr.com\/es\/wp-json\/wp\/v2\/product_cat?post=3020"},{"taxonomy":"product_tag","embeddable":true,"href":"https:\/\/cleanuppr.com\/es\/wp-json\/wp\/v2\/product_tag?post=3020"},{"taxonomy":"industry","embeddable":true,"href":"https:\/\/cleanuppr.com\/es\/wp-json\/wp\/v2\/industry?post=3020"},{"taxonomy":"brands","embeddable":true,"href":"https:\/\/cleanuppr.com\/es\/wp-json\/wp\/v2\/brands?post=3020"}],"curies":[{"name":"wp","href":"https:\/\/api.w.org\/{rel}","templated":true}]}}