{"id":3019,"date":"2023-08-17T22:18:23","date_gmt":"2023-08-18T02:18:23","guid":{"rendered":"http:\/\/cleanuppr.com\/catalog\/problend-sour-extra\/"},"modified":"2023-12-27T12:14:21","modified_gmt":"2023-12-27T16:14:21","slug":"problend-sour-extra","status":"publish","type":"product","link":"https:\/\/cleanuppr.com\/es\/catalog\/problend-sour-extra\/","title":{"rendered":"ProBlend\u2122 Sour Extra"},"content":{"rendered":"<p>Neutralizador de ropa l\u00edquido a base de \u00e1cido mezclado con propiedades superiores para eliminar hierro y \u00f3xido. Previene y elimina las manchas rojas de hierro, ilumina la ropa de cama amarillenta y reduce el pH para evitar que se oscurezca cuando se plancha la ropa de cama.<\/p>\n","protected":false},"excerpt":{"rendered":"<p>Neutralizador de ropa l\u00edquido a base de \u00e1cido mezclado con propiedades superiores para eliminar hierro y \u00f3xido. Previene y elimina las manchas rojas de hierro, ilumina la ropa de cama amarillenta y reduce el pH para evitar que se oscurezca cuando se plancha la ropa de cama.<\/p>\n","protected":false},"featured_media":2186,"comment_status":"closed","ping_status":"closed","template":"","meta":[],"product_brand":[],"product_cat":[337],"product_tag":[],"industry":[34],"brands":[32],"class_list":{"0":"post-3019","1":"product","2":"type-product","3":"status-publish","4":"has-post-thumbnail","6":"product_cat-detergente","7":"pa_size-15-gal-es-2","8":"industry-laundry","9":"brands-problend","11":"first","12":"instock","13":"taxable","14":"shipping-taxable","15":"purchasable","16":"product-type-simple"},"_links":{"self":[{"href":"https:\/\/cleanuppr.com\/es\/wp-json\/wp\/v2\/product\/3019","targetHints":{"allow":["GET"]}}],"collection":[{"href":"https:\/\/cleanuppr.com\/es\/wp-json\/wp\/v2\/product"}],"about":[{"href":"https:\/\/cleanuppr.com\/es\/wp-json\/wp\/v2\/types\/product"}],"replies":[{"embeddable":true,"href":"https:\/\/cleanuppr.com\/es\/wp-json\/wp\/v2\/comments?post=3019"}],"wp:featuredmedia":[{"embeddable":true,"href":"https:\/\/cleanuppr.com\/es\/wp-json\/wp\/v2\/media\/2186"}],"wp:attachment":[{"href":"https:\/\/cleanuppr.com\/es\/wp-json\/wp\/v2\/media?parent=3019"}],"wp:term":[{"taxonomy":"product_brand","embeddable":true,"href":"https:\/\/cleanuppr.com\/es\/wp-json\/wp\/v2\/product_brand?post=3019"},{"taxonomy":"product_cat","embeddable":true,"href":"https:\/\/cleanuppr.com\/es\/wp-json\/wp\/v2\/product_cat?post=3019"},{"taxonomy":"product_tag","embeddable":true,"href":"https:\/\/cleanuppr.com\/es\/wp-json\/wp\/v2\/product_tag?post=3019"},{"taxonomy":"industry","embeddable":true,"href":"https:\/\/cleanuppr.com\/es\/wp-json\/wp\/v2\/industry?post=3019"},{"taxonomy":"brands","embeddable":true,"href":"https:\/\/cleanuppr.com\/es\/wp-json\/wp\/v2\/brands?post=3019"}],"curies":[{"name":"wp","href":"https:\/\/api.w.org\/{rel}","templated":true}]}}