{"id":3017,"date":"2023-08-17T22:18:23","date_gmt":"2023-08-18T02:18:23","guid":{"rendered":"http:\/\/cleanuppr.com\/catalog\/problend-combi-clean\/"},"modified":"2023-12-27T12:13:27","modified_gmt":"2023-12-27T16:13:27","slug":"problend-combi-clean","status":"publish","type":"product","link":"https:\/\/cleanuppr.com\/es\/catalog\/problend-combi-clean\/","title":{"rendered":"ProBlend\u2122 Combi-Clean"},"content":{"rendered":"<p>F\u00f3rmula revolucionaria que emulsiona r\u00e1pidamente la grasa y las part\u00edculas de alimentos para dejar tu horno reluciente y limpio en un solo ciclo. F\u00f3rmula lista para usar. Dise\u00f1ado para su uso en hornos combinados con sistema de limpieza autom\u00e1tico. Tambi\u00e9n se puede utilizar como limpiador de manchas para pretratar suelos resistentes con un rociador manual.<\/p>\n","protected":false},"excerpt":{"rendered":"<p>F\u00f3rmula revolucionaria que emulsiona r\u00e1pidamente la grasa y las part\u00edculas de alimentos para dejar tu horno reluciente y limpio en un solo ciclo. F\u00f3rmula lista para usar. Dise\u00f1ado para su uso en hornos combinados con sistema de limpieza autom\u00e1tico. Tambi\u00e9n se puede utilizar como limpiador de manchas para pretratar suelos resistentes con un rociador manual.<\/p>\n","protected":false},"featured_media":2189,"comment_status":"closed","ping_status":"closed","template":"","meta":[],"product_brand":[],"product_cat":[337],"product_tag":[],"industry":[53,19],"brands":[32],"class_list":{"0":"post-3017","1":"product","2":"type-product","3":"status-publish","4":"has-post-thumbnail","6":"product_cat-detergente","7":"pa_size-2-2-5-gal-es-2","8":"industry-food-processing","9":"industry-food-service","10":"brands-problend","12":"first","13":"instock","14":"taxable","15":"shipping-taxable","16":"purchasable","17":"product-type-simple"},"_links":{"self":[{"href":"https:\/\/cleanuppr.com\/es\/wp-json\/wp\/v2\/product\/3017","targetHints":{"allow":["GET"]}}],"collection":[{"href":"https:\/\/cleanuppr.com\/es\/wp-json\/wp\/v2\/product"}],"about":[{"href":"https:\/\/cleanuppr.com\/es\/wp-json\/wp\/v2\/types\/product"}],"replies":[{"embeddable":true,"href":"https:\/\/cleanuppr.com\/es\/wp-json\/wp\/v2\/comments?post=3017"}],"wp:featuredmedia":[{"embeddable":true,"href":"https:\/\/cleanuppr.com\/es\/wp-json\/wp\/v2\/media\/2189"}],"wp:attachment":[{"href":"https:\/\/cleanuppr.com\/es\/wp-json\/wp\/v2\/media?parent=3017"}],"wp:term":[{"taxonomy":"product_brand","embeddable":true,"href":"https:\/\/cleanuppr.com\/es\/wp-json\/wp\/v2\/product_brand?post=3017"},{"taxonomy":"product_cat","embeddable":true,"href":"https:\/\/cleanuppr.com\/es\/wp-json\/wp\/v2\/product_cat?post=3017"},{"taxonomy":"product_tag","embeddable":true,"href":"https:\/\/cleanuppr.com\/es\/wp-json\/wp\/v2\/product_tag?post=3017"},{"taxonomy":"industry","embeddable":true,"href":"https:\/\/cleanuppr.com\/es\/wp-json\/wp\/v2\/industry?post=3017"},{"taxonomy":"brands","embeddable":true,"href":"https:\/\/cleanuppr.com\/es\/wp-json\/wp\/v2\/brands?post=3017"}],"curies":[{"name":"wp","href":"https:\/\/api.w.org\/{rel}","templated":true}]}}